{"id":997,"date":"2025-12-05T14:15:17","date_gmt":"2025-12-05T13:15:17","guid":{"rendered":"https:\/\/laitthymsel.com\/?page_id=997"},"modified":"2025-12-05T15:14:00","modified_gmt":"2025-12-05T14:14:00","slug":"vins-sans-alcool","status":"publish","type":"page","link":"https:\/\/laitthymsel.com\/en\/vins-sans-alcool\/","title":{"rendered":"Vins &amp; Sans-Alcool"},"content":{"rendered":"\n[et_pb_section fb_built=&#8221;1&#8243; _builder_version=&#8221;4.23.1&#8243; _module_preset=&#8221;default&#8221; background_color=&#8221;#1D1D1B&#8221; min_height=&#8221;700px&#8221; custom_padding=&#8221;||40px||false|false&#8221; global_colors_info=&#8221;{}&#8221; theme_builder_area=&#8221;post_content&#8221;][et_pb_row custom_padding_last_edited=&#8221;on|phone&#8221; _builder_version=&#8221;4.22.2&#8243; _module_preset=&#8221;default&#8221; width=&#8221;104%&#8221; width_tablet=&#8221;104%&#8221; width_phone=&#8221;104%&#8221; width_last_edited=&#8221;on|phone&#8221; max_width=&#8221;1300px&#8221; max_width_tablet=&#8221;1300px&#8221; max_width_phone=&#8221;1300px&#8221; max_width_last_edited=&#8221;on|phone&#8221; min_height=&#8221;121px&#8221; min_height_tablet=&#8221;121px&#8221; min_height_phone=&#8221;121px&#8221; min_height_last_edited=&#8221;on|phone&#8221; custom_margin=&#8221;5px|100px||70px|false|false&#8221; custom_margin_tablet=&#8221;5px|100px||70px|false|false&#8221; custom_margin_phone=&#8221;10px|||0px|false|false&#8221; custom_margin_last_edited=&#8221;on|phone&#8221; custom_padding=&#8221;13px||14px|||&#8221; custom_padding_tablet=&#8221;13px||14px|||&#8221; custom_padding_phone=&#8221;0px||0px||false|false&#8221; global_colors_info=&#8221;{}&#8221; theme_builder_area=&#8221;post_content&#8221;][et_pb_column type=&#8221;4_4&#8243; _builder_version=&#8221;4.22.2&#8243; _module_preset=&#8221;default&#8221; global_colors_info=&#8221;{}&#8221; theme_builder_area=&#8221;post_content&#8221;][et_pb_image src=&#8221;https:\/\/laitthymsel.com\/wp-content\/uploads\/2023\/10\/Logo.Couleur-lettrage-blnc-horizontale.png&#8221; alt=&#8221;Logo du restaurant LAIT THYM SEL&#8221; title_text=&#8221;Logo.Couleur-+-lettrage-blnc-horizontale&#8221; url=&#8221;https:\/\/laitthymsel.com\/restaurant\/&#8221; align_tablet=&#8221;&#8221; align_phone=&#8221;&#8221; align_last_edited=&#8221;on|phone&#8221; _builder_version=&#8221;4.22.2&#8243; _module_preset=&#8221;default&#8221; width=&#8221;30%&#8221; width_tablet=&#8221;30%&#8221; width_phone=&#8221;80%&#8221; width_last_edited=&#8221;on|phone&#8221; max_width_tablet=&#8221;&#8221; max_width_phone=&#8221;&#8221; max_width_last_edited=&#8221;on|phone&#8221; min_height_tablet=&#8221;&#8221; min_height_phone=&#8221;&#8221; min_height_last_edited=&#8221;on|phone&#8221; height_tablet=&#8221;&#8221; height_phone=&#8221;&#8221; height_last_edited=&#8221;on|phone&#8221; custom_margin=&#8221;40px|||10px|false|false&#8221; custom_margin_tablet=&#8221;40px|||10px|false|false&#8221; custom_margin_phone=&#8221;40px|||10px|false|false&#8221; custom_margin_last_edited=&#8221;on|phone&#8221; custom_padding=&#8221;0px|||34px|false|false&#8221; global_colors_info=&#8221;{}&#8221; theme_builder_area=&#8221;post_content&#8221;][\/et_pb_image][\/et_pb_column][\/et_pb_row][et_pb_row _builder_version=&#8221;4.22.2&#8243; _module_preset=&#8221;default&#8221; width=&#8221;73.8%&#8221; custom_margin=&#8221;||||false|false&#8221; global_colors_info=&#8221;{}&#8221; theme_builder_area=&#8221;post_content&#8221;][et_pb_column type=&#8221;4_4&#8243; _builder_version=&#8221;4.22.2&#8243; _module_preset=&#8221;default&#8221; global_colors_info=&#8221;{}&#8221; theme_builder_area=&#8221;post_content&#8221;][et_pb_heading title=&#8221;Le Vin&#8221; _builder_version=&#8221;4.27.5&#8243; _module_preset=&#8221;default&#8221; theme_builder_area=&#8221;post_content&#8221; title_font=&#8221;Abhaya Libre||||||||&#8221; title_text_color=&#8221;#FFFFFF&#8221; title_text_align=&#8221;center&#8221; hover_enabled=&#8221;0&#8243; sticky_enabled=&#8221;0&#8243; custom_padding=&#8221;||0px||false|false&#8221; custom_margin=&#8221;||0px||false|false&#8221;][\/et_pb_heading][et_pb_text _builder_version=&#8221;4.27.5&#8243; _module_preset=&#8221;default&#8221; text_font=&#8221;Abhaya Libre||||||||&#8221; text_text_color=&#8221;#FFFFFF&#8221; text_font_size=&#8221;15px&#8221; text_line_height=&#8221;1.2em&#8221; width_tablet=&#8221;&#8221; width_phone=&#8221;&#8221; width_last_edited=&#8221;on|phone&#8221; max_width_tablet=&#8221;&#8221; max_width_phone=&#8221;&#8221; max_width_last_edited=&#8221;on|phone&#8221; min_height_tablet=&#8221;&#8221; min_height_phone=&#8221;&#8221; min_height_last_edited=&#8221;on|phone&#8221; height_tablet=&#8221;&#8221; height_phone=&#8221;&#8221; height_last_edited=&#8221;on|phone&#8221; max_height_tablet=&#8221;&#8221; max_height_phone=&#8221;&#8221; max_height_last_edited=&#8221;on|phone&#8221; custom_margin=&#8221;0px||||false|false&#8221; custom_margin_tablet=&#8221;100px||||false|false&#8221; custom_margin_phone=&#8221;0px||||false|false&#8221; custom_margin_last_edited=&#8221;on|phone&#8221; custom_padding=&#8221;|0px||||&#8221; hover_enabled=&#8221;0&#8243; content_en_us=&#8221;<p style=%22text-align: center;%22>With over 450 wines, our cellar reflects our commitment to French terroirs and the winemakers we love.<br \/>A consistent, lively selection, designed to perfectly complement our cuisine.<\/p>\n<p style=%22text-align: center;%22>We offer carefully considered food and wine pairings on each of our menus.<br \/>Each glass is chosen to complement the dish, without excess, with precision and balance.<\/p>\n<p style=%22text-align: center;%22>For greater freedom, a selection of wines by the glass completes the menu and allows you to discover our cellar in a different way.<\/p>\n<p style=%22text-align: center;%22>Here, wine has a simple role:<br \/>to accompany the cuisine with precision, discretion and high standards.<\/p>&#8221; inline_fonts=&#8221;Abhaya Libre&#8221; global_colors_info=&#8221;{}&#8221; theme_builder_area=&#8221;post_content&#8221; sticky_enabled=&#8221;0&#8243;]<p style=\"text-align: center;\">Avec plus de 450 r\u00e9f\u00e9rences, notre cave refl\u00e8te notre attachement aux terroirs fran\u00e7ais et aux vignerons que nous aimons.<br \/>Une s\u00e9lection coh\u00e9rente, vivante, pens\u00e9e pour accompagner notre cuisine avec justesse.<\/p>\n<p style=\"text-align: center;\">Nous proposons, sur chacun de nos menus, un accord Mets &amp; Vins soigneusement r\u00e9fl\u00e9chi.<br \/>Chaque verre est choisi pour prolonger le plat, sans exc\u00e8s, avec pr\u00e9cision et \u00e9quilibre.<\/p>\n<p style=\"text-align: center;\">Pour plus de libert\u00e9, une s\u00e9lection de vins au verre compl\u00e8te la carte et permet de d\u00e9couvrir notre cave autrement.<\/p>\n<p style=\"text-align: center;\">Ici, le vin a un r\u00f4le simple :<br \/>accompagner la cuisine avec justesse, discr\u00e9tion et exigence.<\/p>[\/et_pb_text][et_pb_heading title=&#8221;Les Sans-Alcools&#8221; _builder_version=&#8221;4.27.5&#8243; _module_preset=&#8221;default&#8221; theme_builder_area=&#8221;post_content&#8221; title_font=&#8221;Abhaya Libre||||||||&#8221; title_text_color=&#8221;#FFFFFF&#8221; title_text_align=&#8221;center&#8221; hover_enabled=&#8221;0&#8243; sticky_enabled=&#8221;0&#8243; custom_padding=&#8221;||0px||false|false&#8221; custom_margin=&#8221;||0px||false|false&#8221;][\/et_pb_heading][et_pb_text _builder_version=&#8221;4.27.5&#8243; _module_preset=&#8221;default&#8221; text_font=&#8221;Abhaya Libre||||||||&#8221; text_text_color=&#8221;#FFFFFF&#8221; text_font_size=&#8221;15px&#8221; text_line_height=&#8221;1.2em&#8221; width_tablet=&#8221;&#8221; width_phone=&#8221;&#8221; width_last_edited=&#8221;on|phone&#8221; max_width_tablet=&#8221;&#8221; max_width_phone=&#8221;&#8221; max_width_last_edited=&#8221;on|phone&#8221; min_height_tablet=&#8221;&#8221; min_height_phone=&#8221;&#8221; min_height_last_edited=&#8221;on|phone&#8221; height_tablet=&#8221;&#8221; height_phone=&#8221;&#8221; height_last_edited=&#8221;on|phone&#8221; max_height_tablet=&#8221;&#8221; max_height_phone=&#8221;&#8221; max_height_last_edited=&#8221;on|phone&#8221; custom_margin=&#8221;0px||||false|false&#8221; custom_margin_tablet=&#8221;100px||||false|false&#8221; custom_margin_phone=&#8221;0px||||false|false&#8221; custom_margin_last_edited=&#8221;on|phone&#8221; custom_padding=&#8221;|0px||||&#8221; hover_enabled=&#8221;0&#8243; content_en_us=&#8221;<p style=%22text-align: center;%22>Non-alcoholic pairings are Fanny&#8217;s playground,<br \/>entirely conceived and created by her.<br \/>Each drink is crafted like a sauce,<br \/>designed to complement the dish without ever<br \/>reproducing its flavours.<\/p>\n<p style=%22text-align: center;%22>The aim is not to imitate, but to accompany with precision, creating a natural link between the cuisine and the glass.<\/p>\n<p style=%22text-align: center;%22>Fanny plays with textures, acidities and the temperaments of the products, always guided by seasonality and the coherence of the menu.<br \/>Added to this is her love of glassware, which becomes a showcase in its own right for highlighting these creations.<\/p>\n<p style=%22text-align: center;%22>These pairings offer a different interpretation of the meal:<br \/>precise, sensitive and deeply thoughtful.<br \/>\u2018Another way of experiencing the table\u2019.<\/p>&#8221; inline_fonts=&#8221;Abhaya Libre&#8221; global_colors_info=&#8221;{}&#8221; theme_builder_area=&#8221;post_content&#8221; sticky_enabled=&#8221;0&#8243;]<p style=\"text-align: center;\">Les accords sans alcool sont le terrain de jeu de Fanny,<br \/>enti\u00e8rement imagin\u00e9s et r\u00e9alis\u00e9s par elle.<br \/>Chaque boisson est travaill\u00e9e comme une v\u00e9ritable sauce,<br \/>con\u00e7ue pour prolonger le plat sans jamais en<br \/>reproduire les saveurs.<\/p>\n<p style=\"text-align: center;\">L\u2019objectif n\u2019est pas d\u2019imiter, mais d\u2019accompagner avec justesse, en cr\u00e9ant un lien naturel entre la cuisine et le verre.<\/p>\n<p style=\"text-align: center;\">Fanny joue avec les textures, les acidit\u00e9s, les temp\u00e9raments des produits, toujours guid\u00e9e par la saisonnalit\u00e9 et la coh\u00e9rence du menu.<br \/>\u00c0 cela s\u2019ajoute son amour pour la verrerie, qui devient un \u00e9crin \u00e0 part enti\u00e8re pour mettre en valeur ces cr\u00e9ations.<\/p>\n<p style=\"text-align: center;\">Ces accords offrent une lecture diff\u00e9rente du repas :<br \/>pr\u00e9cise, sensible et profond\u00e9ment r\u00e9fl\u00e9chie.<br \/>&#8220;Une autre mani\u00e8re de vivre la table&#8221;.<\/p>[\/et_pb_text][\/et_pb_column][\/et_pb_row][\/et_pb_section]\n","protected":false},"excerpt":{"rendered":"<p>Avec plus de 450 r\u00e9f\u00e9rences, notre cave refl\u00e8te notre attachement aux terroirs fran\u00e7ais et aux vignerons que nous aimons.Une s\u00e9lection coh\u00e9rente, vivante, pens\u00e9e pour accompagner notre cuisine avec justesse. Nous proposons, sur chacun de nos menus, un accord Mets &amp; Vins soigneusement r\u00e9fl\u00e9chi.Chaque verre est choisi pour prolonger le plat, sans exc\u00e8s, avec pr\u00e9cision et [&hellip;]<\/p>\n","protected":false},"author":2,"featured_media":0,"parent":0,"menu_order":0,"comment_status":"closed","ping_status":"closed","template":"","meta":{"_et_pb_use_builder":"on","_et_pb_old_content":"","_et_gb_content_width":"","footnotes":""},"class_list":["post-997","page","type-page","status-publish","hentry"],"yoast_head":"<!-- This site is optimized with the Yoast SEO plugin v27.3 - https:\/\/yoast.com\/product\/yoast-seo-wordpress\/ -->\n<title>Vins sans alcool \u2013 S\u00e9lection &amp; conseils<\/title>\n<meta name=\"description\" content=\"Explorez plus de 450 vins et une gamme de boissons sans alcool pens\u00e9es pour sublimer votre exp\u00e9rience au restaurant Lait Thym Sel.\" \/>\n<meta name=\"robots\" content=\"index, follow, max-snippet:-1, max-image-preview:large, max-video-preview:-1\" \/>\n<link rel=\"canonical\" href=\"\" \/>\n<meta property=\"og:locale\" content=\"en_US\" \/>\n<meta property=\"og:type\" content=\"article\" \/>\n<meta property=\"og:title\" content=\"Vins sans alcool \u2013 S\u00e9lection &amp; conseils\" \/>\n<meta property=\"og:description\" content=\"Explorez plus de 450 vins et une gamme de boissons sans alcool pens\u00e9es pour sublimer votre exp\u00e9rience au restaurant Lait Thym Sel.\" \/>\n<meta property=\"og:url\" content=\"https:\/\/laitthymsel.com\/en\/vins-sans-alcool\/\" \/>\n<meta property=\"og:site_name\" content=\"Lait Thym Sel\" \/>\n<meta property=\"article:publisher\" content=\"https:\/\/www.facebook.com\/Lait.Thym.Sel.Restaurant\/?locale=fr_FR\" \/>\n<meta property=\"article:modified_time\" content=\"2025-12-05T14:14:00+00:00\" \/>\n<meta name=\"twitter:card\" content=\"summary_large_image\" \/>\n<meta name=\"twitter:label1\" content=\"Est. reading time\" \/>\n\t<meta name=\"twitter:data1\" content=\"2 minutes\" \/>\n<script type=\"application\/ld+json\" class=\"yoast-schema-graph\">{\"@context\":\"https:\\\/\\\/schema.org\",\"@graph\":[{\"@type\":\"WebPage\",\"@id\":\"https:\\\/\\\/laitthymsel.com\\\/en\\\/vins-sans-alcool\\\/\",\"url\":\"https:\\\/\\\/laitthymsel.com\\\/en\\\/vins-sans-alcool\\\/\",\"name\":\"Vins sans alcool \u2013 S\u00e9lection & conseils\",\"isPartOf\":{\"@id\":\"https:\\\/\\\/laitthymsel.com\\\/#website\"},\"datePublished\":\"2025-12-05T13:15:17+00:00\",\"dateModified\":\"2025-12-05T14:14:00+00:00\",\"description\":\"Explorez plus de 450 vins et une gamme de boissons sans alcool pens\u00e9es pour sublimer votre exp\u00e9rience au restaurant Lait Thym Sel.\",\"breadcrumb\":{\"@id\":\"https:\\\/\\\/laitthymsel.com\\\/en\\\/vins-sans-alcool\\\/#breadcrumb\"},\"inLanguage\":\"en-US\",\"potentialAction\":[{\"@type\":\"ReadAction\",\"target\":[\"https:\\\/\\\/laitthymsel.com\\\/en\\\/vins-sans-alcool\\\/\"]}]},{\"@type\":\"BreadcrumbList\",\"@id\":\"https:\\\/\\\/laitthymsel.com\\\/en\\\/vins-sans-alcool\\\/#breadcrumb\",\"itemListElement\":[{\"@type\":\"ListItem\",\"position\":1,\"name\":\"Accueil\",\"item\":\"https:\\\/\\\/laitthymsel.com\\\/\"},{\"@type\":\"ListItem\",\"position\":2,\"name\":\"Vins &amp; Sans-Alcool\"}]},{\"@type\":\"WebSite\",\"@id\":\"https:\\\/\\\/laitthymsel.com\\\/en\\\/#website\",\"url\":\"https:\\\/\\\/laitthymsel.com\\\/en\\\/\",\"name\":\"Lait Thym Sel\",\"description\":\"Restaurant \u00e0 Angers\",\"publisher\":{\"@id\":\"https:\\\/\\\/laitthymsel.com\\\/en\\\/#organization\"},\"alternateName\":\"Restaurant\",\"potentialAction\":[{\"@type\":\"SearchAction\",\"target\":{\"@type\":\"EntryPoint\",\"urlTemplate\":\"https:\\\/\\\/laitthymsel.com\\\/en\\\/?s={search_term_string}\"},\"query-input\":{\"@type\":\"PropertyValueSpecification\",\"valueRequired\":true,\"valueName\":\"search_term_string\"}}],\"inLanguage\":\"en-US\"},{\"@type\":\"Organization\",\"@id\":\"https:\\\/\\\/laitthymsel.com\\\/en\\\/#organization\",\"name\":\"Restaurant Lait Thym Sel\",\"alternateName\":\"Restaurant\",\"url\":\"https:\\\/\\\/laitthymsel.com\\\/en\\\/\",\"logo\":{\"@type\":\"ImageObject\",\"inLanguage\":\"en-US\",\"@id\":\"https:\\\/\\\/laitthymsel.com\\\/en\\\/#\\\/schema\\\/logo\\\/image\\\/\",\"url\":\"https:\\\/\\\/laitthymsel.com\\\/wp-content\\\/uploads\\\/2023\\\/10\\\/cropped-Logo-LAIT-THYM-SEL.png\",\"contentUrl\":\"https:\\\/\\\/laitthymsel.com\\\/wp-content\\\/uploads\\\/2023\\\/10\\\/cropped-Logo-LAIT-THYM-SEL.png\",\"width\":512,\"height\":512,\"caption\":\"Restaurant Lait Thym Sel\"},\"image\":{\"@id\":\"https:\\\/\\\/laitthymsel.com\\\/en\\\/#\\\/schema\\\/logo\\\/image\\\/\"},\"sameAs\":[\"https:\\\/\\\/www.facebook.com\\\/Lait.Thym.Sel.Restaurant\\\/?locale=fr_FR\",\"https:\\\/\\\/www.instagram.com\\\/lait.thym.sel\\\/?hl=fr\"]}]}<\/script>\n<!-- \/ Yoast SEO plugin. -->","yoast_head_json":{"title":"Vins sans alcool \u2013 S\u00e9lection & conseils","description":"Explorez plus de 450 vins et une gamme de boissons sans alcool pens\u00e9es pour sublimer votre exp\u00e9rience au restaurant Lait Thym Sel.","robots":{"index":"index","follow":"follow","max-snippet":"max-snippet:-1","max-image-preview":"max-image-preview:large","max-video-preview":"max-video-preview:-1"},"canonical":"[et_pb_section fb_built=\"1\" _builder_version=\"4.23.1\" _module_preset=\"default\" background_color=\"#1D1D1B\" min_height=\"700px\" custom_padding=\"||40px||false|false\" global_colors_info=\"{}\" theme_builder_area=\"post_content\"][et_pb_row custom_padding_last_edited=\"on|phone\" _builder_version=\"4.22.2\" _module_preset=\"default\" width=\"104%\" width_tablet=\"104%\" width_phone=\"104%\" width_last_edited=\"on|phone\" max_width=\"1300px\" max_width_tablet=\"1300px\" max_width_phone=\"1300px\" max_width_last_edited=\"on|phone\" min_height=\"121px\" min_height_tablet=\"121px\" min_height_phone=\"121px\" min_height_last_edited=\"on|phone\" custom_margin=\"5px|100px||70px|false|false\" custom_margin_tablet=\"5px|100px||70px|false|false\" custom_margin_phone=\"10px|||0px|false|false\" custom_margin_last_edited=\"on|phone\" custom_padding=\"13px||14px|||\" custom_padding_tablet=\"13px||14px|||\" custom_padding_phone=\"0px||0px||false|false\" global_colors_info=\"{}\" theme_builder_area=\"post_content\"][et_pb_column type=\"4_4\" _builder_version=\"4.22.2\" _module_preset=\"default\" global_colors_info=\"{}\" theme_builder_area=\"post_content\"][et_pb_image src=\"https:\/\/laitthymsel.com\/wp-content\/uploads\/2023\/10\/Logo.Couleur-lettrage-blnc-horizontale.png\" alt=\"Logo du restaurant LAIT THYM SEL\" title_text=\"Logo.Couleur- -lettrage-blnc-horizontale\" url=\"https:\/\/laitthymsel.com\/restaurant\/\" align_tablet=\"\" align_phone=\"\" align_last_edited=\"on|phone\" _builder_version=\"4.22.2\" _module_preset=\"default\" width=\"30%\" width_tablet=\"30%\" width_phone=\"80%\"&hellip;","og_locale":"en_US","og_type":"article","og_title":"Vins sans alcool \u2013 S\u00e9lection & conseils","og_description":"Explorez plus de 450 vins et une gamme de boissons sans alcool pens\u00e9es pour sublimer votre exp\u00e9rience au restaurant Lait Thym Sel.","og_url":"https:\/\/laitthymsel.com\/en\/vins-sans-alcool\/","og_site_name":"Lait Thym Sel","article_publisher":"https:\/\/www.facebook.com\/Lait.Thym.Sel.Restaurant\/?locale=fr_FR","article_modified_time":"2025-12-05T14:14:00+00:00","twitter_card":"summary_large_image","twitter_misc":{"Est. reading time":"2 minutes"},"schema":{"@context":"https:\/\/schema.org","@graph":[{"@type":"WebPage","@id":"https:\/\/laitthymsel.com\/en\/vins-sans-alcool\/","url":"https:\/\/laitthymsel.com\/en\/vins-sans-alcool\/","name":"Vins sans alcool \u2013 S\u00e9lection & conseils","isPartOf":{"@id":"https:\/\/laitthymsel.com\/#website"},"datePublished":"2025-12-05T13:15:17+00:00","dateModified":"2025-12-05T14:14:00+00:00","description":"Explorez plus de 450 vins et une gamme de boissons sans alcool pens\u00e9es pour sublimer votre exp\u00e9rience au restaurant Lait Thym Sel.","breadcrumb":{"@id":"https:\/\/laitthymsel.com\/en\/vins-sans-alcool\/#breadcrumb"},"inLanguage":"en-US","potentialAction":[{"@type":"ReadAction","target":["https:\/\/laitthymsel.com\/en\/vins-sans-alcool\/"]}]},{"@type":"BreadcrumbList","@id":"https:\/\/laitthymsel.com\/en\/vins-sans-alcool\/#breadcrumb","itemListElement":[{"@type":"ListItem","position":1,"name":"Accueil","item":"https:\/\/laitthymsel.com\/"},{"@type":"ListItem","position":2,"name":"Vins &amp; Sans-Alcool"}]},{"@type":"WebSite","@id":"https:\/\/laitthymsel.com\/en\/#website","url":"https:\/\/laitthymsel.com\/en\/","name":"Lait Thym Sel","description":"Restaurant \u00e0 Angers","publisher":{"@id":"https:\/\/laitthymsel.com\/en\/#organization"},"alternateName":"Restaurant","potentialAction":[{"@type":"SearchAction","target":{"@type":"EntryPoint","urlTemplate":"https:\/\/laitthymsel.com\/en\/?s={search_term_string}"},"query-input":{"@type":"PropertyValueSpecification","valueRequired":true,"valueName":"search_term_string"}}],"inLanguage":"en-US"},{"@type":"Organization","@id":"https:\/\/laitthymsel.com\/en\/#organization","name":"Restaurant Lait Thym Sel","alternateName":"Restaurant","url":"https:\/\/laitthymsel.com\/en\/","logo":{"@type":"ImageObject","inLanguage":"en-US","@id":"https:\/\/laitthymsel.com\/en\/#\/schema\/logo\/image\/","url":"https:\/\/laitthymsel.com\/wp-content\/uploads\/2023\/10\/cropped-Logo-LAIT-THYM-SEL.png","contentUrl":"https:\/\/laitthymsel.com\/wp-content\/uploads\/2023\/10\/cropped-Logo-LAIT-THYM-SEL.png","width":512,"height":512,"caption":"Restaurant Lait Thym Sel"},"image":{"@id":"https:\/\/laitthymsel.com\/en\/#\/schema\/logo\/image\/"},"sameAs":["https:\/\/www.facebook.com\/Lait.Thym.Sel.Restaurant\/?locale=fr_FR","https:\/\/www.instagram.com\/lait.thym.sel\/?hl=fr"]}]}},"_links":{"self":[{"href":"https:\/\/laitthymsel.com\/en\/wp-json\/wp\/v2\/pages\/997","targetHints":{"allow":["GET"]}}],"collection":[{"href":"https:\/\/laitthymsel.com\/en\/wp-json\/wp\/v2\/pages"}],"about":[{"href":"https:\/\/laitthymsel.com\/en\/wp-json\/wp\/v2\/types\/page"}],"author":[{"embeddable":true,"href":"https:\/\/laitthymsel.com\/en\/wp-json\/wp\/v2\/users\/2"}],"replies":[{"embeddable":true,"href":"https:\/\/laitthymsel.com\/en\/wp-json\/wp\/v2\/comments?post=997"}],"version-history":[{"count":6,"href":"https:\/\/laitthymsel.com\/en\/wp-json\/wp\/v2\/pages\/997\/revisions"}],"predecessor-version":[{"id":1023,"href":"https:\/\/laitthymsel.com\/en\/wp-json\/wp\/v2\/pages\/997\/revisions\/1023"}],"wp:attachment":[{"href":"https:\/\/laitthymsel.com\/en\/wp-json\/wp\/v2\/media?parent=997"}],"curies":[{"name":"wp","href":"https:\/\/api.w.org\/{rel}","templated":true}]}}