{"id":30,"date":"2023-10-13T14:33:08","date_gmt":"2023-10-13T12:33:08","guid":{"rendered":"http:\/\/creanova2023.s193116.creanova-001.webo-facto.com\/?page_id=30"},"modified":"2026-01-15T09:45:42","modified_gmt":"2026-01-15T08:45:42","slug":"accueil","status":"publish","type":"page","link":"https:\/\/laitthymsel.com\/en\/","title":{"rendered":"Accueil"},"content":{"rendered":"<p>[et_pb_section fb_built=&#8221;1&#8243; specialty=&#8221;on&#8221; background_color_1=&#8221;RGBA(255,255,255,0)&#8221; _builder_version=&#8221;4.23.1&#8243; _module_preset=&#8221;default&#8221; background_color=&#8221;#1D1D1B&#8221; background_video_mp4=&#8221;https:\/\/laitthymsel.com\/wp-content\/uploads\/2023\/10\/diaporama-Lait-Thym-sel.mp4&#8243; min_height=&#8221;829.8px&#8221; link_option_url=&#8221;https:\/\/laitthymsel.com\/restaurant\/&#8221; global_colors_info=&#8221;{}&#8221;][et_pb_column type=&#8221;1_2&#8243; _builder_version=&#8221;4.16&#8243; custom_padding=&#8221;|||&#8221; global_colors_info=&#8221;{}&#8221; custom_padding__hover=&#8221;|||&#8221;][dsm_perspective_image src=&#8221;https:\/\/laitthymsel.com\/wp-content\/uploads\/2023\/11\/Logo-Lait-Thym-Sel-Accueil.png&#8221; alt=&#8221;Restaurant Gastronomique \u00e0 Angers&#8221; title_text=&#8221;Logo Lait Thym Sel-Accueil&#8221; url=&#8221;https:\/\/laitthymsel.com\/restaurant\/&#8221; align=&#8221;center&#8221; _builder_version=&#8221;4.23.1&#8243; _module_preset=&#8221;default&#8221; custom_margin=&#8221;100px||||false|false&#8221; custom_margin_tablet=&#8221;100px||||false|false&#8221; custom_margin_phone=&#8221;50px||-50px||false|false&#8221; custom_margin_last_edited=&#8221;on|phone&#8221; animation_style=&#8221;fade&#8221; animation_duration=&#8221;1500ms&#8221; animation_delay=&#8221;750ms&#8221; animation_starting_opacity=&#8221;13%&#8221; animation_speed_curve=&#8221;ease-in&#8221; global_colors_info=&#8221;{}&#8221;][\/dsm_perspective_image][\/et_pb_column][et_pb_column type=&#8221;1_2&#8243; specialty_columns=&#8221;2&#8243; _builder_version=&#8221;4.16&#8243; custom_padding=&#8221;|||&#8221; global_colors_info=&#8221;{}&#8221; custom_padding__hover=&#8221;|||&#8221;][et_pb_row_inner _builder_version=&#8221;4.22.2&#8243; _module_preset=&#8221;default&#8221; custom_margin=&#8221;200px||||false|false&#8221; custom_margin_tablet=&#8221;200px||||false|false&#8221; custom_margin_phone=&#8221;0px||||false|false&#8221; custom_margin_last_edited=&#8221;on|phone&#8221; global_colors_info=&#8221;{}&#8221;][et_pb_column_inner saved_specialty_column_type=&#8221;1_2&#8243; _builder_version=&#8221;4.22.2&#8243; _module_preset=&#8221;default&#8221; global_colors_info=&#8221;{}&#8221;][et_pb_text _builder_version=&#8221;4.23.1&#8243; _module_preset=&#8221;default&#8221; text_font=&#8221;Abhaya Libre|800|||||||&#8221; text_text_color=&#8221;#FFFFFF&#8221; text_font_size=&#8221;20px&#8221; text_line_height=&#8221;0.3em&#8221; text_orientation=&#8221;center&#8221; min_height=&#8221;18px&#8221; custom_margin=&#8221;19px|||||&#8221; animation_style=&#8221;fade&#8221; animation_duration=&#8221;1500ms&#8221; animation_speed_curve=&#8221;ease-in&#8221; global_colors_info=&#8221;{}&#8221;]<\/p>\n<p>17, rue Boisnet &#8211; 49100 ANGERS<\/p>\n<p>07 89 65 89 07<\/p>\n<p>&nbsp;<\/p>\n<p>[\/et_pb_text][\/et_pb_column_inner][\/et_pb_row_inner][et_pb_row_inner column_structure=&#8221;1_2,1_2&#8243; _builder_version=&#8221;4.23.1&#8243; _module_preset=&#8221;default&#8221; width_tablet=&#8221;&#8221; width_phone=&#8221;88%&#8221; width_last_edited=&#8221;on|phone&#8221; module_alignment=&#8221;center&#8221; module_alignment_tablet=&#8221;center&#8221; module_alignment_phone=&#8221;center&#8221; module_alignment_last_edited=&#8221;on|phone&#8221; global_colors_info=&#8221;{}&#8221;][et_pb_column_inner type=&#8221;1_2&#8243; saved_specialty_column_type=&#8221;1_2&#8243; _builder_version=&#8221;4.22.2&#8243; _module_preset=&#8221;default&#8221; global_colors_info=&#8221;{}&#8221;][dsm_perspective_image src=&#8221;https:\/\/laitthymsel.com\/wp-content\/uploads\/2023\/10\/Michelin-etoile-copie.png&#8221; alt=&#8221;Lait Thym Sel, r\u00e9pertori\u00e9 au Guide Michelin avec 1 \u00e9toile rouge et 1 \u00e9toile verte&#8221; title_text=&#8221;Michelin etoile copie&#8221; url=&#8221;https:\/\/guide.michelin.com\/fr\/fr\/pays-de-la-loire\/angers\/restaurant\/lait-thym-sel&#8221; url_new_window=&#8221;on&#8221; align=&#8221;center&#8221; always_center_on_mobile=&#8221;off&#8221; _builder_version=&#8221;4.23.1&#8243; _module_preset=&#8221;default&#8221; width=&#8221;60%&#8221; width_tablet=&#8221;60%&#8221; width_phone=&#8221;45%&#8221; width_last_edited=&#8221;on|phone&#8221; module_alignment_tablet=&#8221;&#8221; module_alignment_phone=&#8221;center&#8221; module_alignment_last_edited=&#8221;on|phone&#8221; global_colors_info=&#8221;{}&#8221;][\/dsm_perspective_image][\/et_pb_column_inner][et_pb_column_inner type=&#8221;1_2&#8243; saved_specialty_column_type=&#8221;1_2&#8243; _builder_version=&#8221;4.22.2&#8243; _module_preset=&#8221;default&#8221; global_colors_info=&#8221;{}&#8221;][dsm_perspective_image src=&#8221;https:\/\/laitthymsel.com\/wp-content\/uploads\/2023\/10\/Gault-et-Millau-copie.png&#8221; alt=&#8221;Gault et Millau, guide gastronomique fran\u00e7ais &#8221; title_text=&#8221;Gault et Millau&#8221; url=&#8221;https:\/\/fr.gaultmillau.com\/restaurants\/lait-thym-sel&#8221; url_new_window=&#8221;on&#8221; align=&#8221;center&#8221; always_center_on_mobile=&#8221;off&#8221; _builder_version=&#8221;4.23.1&#8243; _module_preset=&#8221;default&#8221; width=&#8221;60%&#8221; width_tablet=&#8221;60%&#8221; width_phone=&#8221;45%&#8221; width_last_edited=&#8221;on|phone&#8221; module_alignment_tablet=&#8221;&#8221; module_alignment_phone=&#8221;center&#8221; module_alignment_last_edited=&#8221;on|phone&#8221; global_colors_info=&#8221;{}&#8221;][\/dsm_perspective_image][\/et_pb_column_inner][\/et_pb_row_inner][\/et_pb_column][\/et_pb_section]<\/p>\n","protected":false},"excerpt":{"rendered":"<p><div class=\"et_pb_module dsm_perspective_image dsm_perspective_image_0 et_animated et-waypoint\">\n\t\t\t\t\n\t\t\t\t\n\t\t\t\t\n\t\t\t\t\n\t\t\t\t\n\t\t\t\t\n\t\t\t\t<div class=\"et_pb_module_inner\">\n\t\t\t\t\t<div class=\"dsm-perspective-image-wrapper et_always_center_on_mobile\">\n\t\t\t\t\n\t\t\t\t\n\t\t\t\t<a href=\"https:\/\/laitthymsel.com\/restaurant\/\" class=\"\" data-dsm-lightbox-id=\"dsm_perspective_image_0\"><span class=\"et_pb_image_wrap \"><img decoding=\"async\" src=\"https:\/\/laitthymsel.com\/wp-content\/uploads\/2023\/11\/Logo-Lait-Thym-Sel-Accueil.png\" alt=\"Restaurant Gastronomique \u00e0 Angers\" title=\"Logo Lait Thym Sel-Accueil\" \/><\/span><\/a>\n\t\t\t<\/div>\n\t\t\t\t<\/div>\n\t\t\t<\/div>17, rue Boisnet &#8211; 49100 ANGERS 07 89 65 89 07 &nbsp;<div class=\"et_pb_module dsm_perspective_image dsm_perspective_image_1\">\n\t\t\t\t\n\t\t\t\t\n\t\t\t\t\n\t\t\t\t\n\t\t\t\t\n\t\t\t\t\n\t\t\t\t<div class=\"et_pb_module_inner\">\n\t\t\t\t\t<div class=\"dsm-perspective-image-wrapper et_always_center_on_mobile\">\n\t\t\t\t\n\t\t\t\t\n\t\t\t\t<span class=\"et_pb_image_wrap \"><img decoding=\"async\" src=\"&#8221;https:\/\/laitthymsel.com\/wp-content\/uploads\/2023\/10\/Michelin-etoile-copie.png&#8221;\" alt=\"&#8221;Lait\" title=\"&#8221;Michelin\" \/><\/span>\n\t\t\t<\/div>\n\t\t\t\t<\/div>\n\t\t\t<\/div><\/p>\n","protected":false},"author":2,"featured_media":0,"parent":0,"menu_order":0,"comment_status":"closed","ping_status":"closed","template":"","meta":{"_et_pb_use_builder":"on","_et_pb_old_content":"<!-- wp:divi\/placeholder \/-->","_et_gb_content_width":"","footnotes":""},"class_list":["post-30","page","type-page","status-publish","hentry"],"yoast_head":"<!-- This site is optimized with the Yoast SEO plugin v27.4 - https:\/\/yoast.com\/product\/yoast-seo-wordpress\/ -->\n<title>Restaurant Gastronomique \u00e9toil\u00e9 \u00e0 Angers<\/title>\n<meta name=\"description\" content=\"\u00c9toil\u00e9 au Guide Michelin : Une cuisine d&#039;une grande finesse ! 3 toques selon Gault&amp;Millau : Un chef inspir\u00e9 par les produits de saison.\" \/>\n<meta name=\"robots\" content=\"index, follow, max-snippet:-1, max-image-preview:large, max-video-preview:-1\" \/>\n<link rel=\"canonical\" href=\"\" \/>\n<meta property=\"og:locale\" content=\"en_US\" \/>\n<meta property=\"og:type\" content=\"article\" \/>\n<meta property=\"og:title\" content=\"Restaurant Gastronomique \u00e9toil\u00e9 \u00e0 Angers\" \/>\n<meta property=\"og:description\" content=\"\u00c9toil\u00e9 au Guide Michelin : Une cuisine d&#039;une grande finesse ! 3 toques selon Gault&amp;Millau : Un chef inspir\u00e9 par les produits de saison.\" \/>\n<meta property=\"og:url\" content=\"https:\/\/laitthymsel.com\/en\/\" \/>\n<meta property=\"og:site_name\" content=\"Lait Thym Sel\" \/>\n<meta property=\"article:publisher\" content=\"https:\/\/www.facebook.com\/Lait.Thym.Sel.Restaurant\/?locale=fr_FR\" \/>\n<meta property=\"article:modified_time\" content=\"2026-01-15T08:45:42+00:00\" \/>\n<meta name=\"twitter:card\" content=\"summary_large_image\" \/>\n<meta name=\"twitter:label1\" content=\"Est. reading time\" \/>\n\t<meta name=\"twitter:data1\" content=\"1 minute\" \/>\n<script type=\"application\/ld+json\" class=\"yoast-schema-graph\">{\"@context\":\"https:\\\/\\\/schema.org\",\"@graph\":[{\"@type\":\"WebPage\",\"@id\":\"https:\\\/\\\/laitthymsel.com\\\/en\\\/\",\"url\":\"https:\\\/\\\/laitthymsel.com\\\/en\\\/\",\"name\":\"Restaurant Gastronomique \u00e9toil\u00e9 \u00e0 Angers\",\"isPartOf\":{\"@id\":\"https:\\\/\\\/laitthymsel.com\\\/#website\"},\"datePublished\":\"2023-10-13T12:33:08+00:00\",\"dateModified\":\"2026-01-15T08:45:42+00:00\",\"description\":\"\u00c9toil\u00e9 au Guide Michelin : Une cuisine d'une grande finesse ! 3 toques selon Gault&Millau : Un chef inspir\u00e9 par les produits de saison.\",\"breadcrumb\":{\"@id\":\"https:\\\/\\\/laitthymsel.com\\\/en\\\/#breadcrumb\"},\"inLanguage\":\"en-US\",\"potentialAction\":[{\"@type\":\"ReadAction\",\"target\":[\"https:\\\/\\\/laitthymsel.com\\\/en\\\/\"]}]},{\"@type\":\"BreadcrumbList\",\"@id\":\"https:\\\/\\\/laitthymsel.com\\\/en\\\/#breadcrumb\",\"itemListElement\":[{\"@type\":\"ListItem\",\"position\":1,\"name\":\"Accueil\",\"item\":\"https:\\\/\\\/laitthymsel.com\\\/\"},{\"@type\":\"ListItem\",\"position\":2,\"name\":\"Accueil\"}]},{\"@type\":\"WebSite\",\"@id\":\"https:\\\/\\\/laitthymsel.com\\\/en\\\/#website\",\"url\":\"https:\\\/\\\/laitthymsel.com\\\/en\\\/\",\"name\":\"Lait Thym Sel\",\"description\":\"Restaurant \u00e0 Angers\",\"publisher\":{\"@id\":\"https:\\\/\\\/laitthymsel.com\\\/en\\\/#organization\"},\"alternateName\":\"Restaurant\",\"potentialAction\":[{\"@type\":\"SearchAction\",\"target\":{\"@type\":\"EntryPoint\",\"urlTemplate\":\"https:\\\/\\\/laitthymsel.com\\\/en\\\/?s={search_term_string}\"},\"query-input\":{\"@type\":\"PropertyValueSpecification\",\"valueRequired\":true,\"valueName\":\"search_term_string\"}}],\"inLanguage\":\"en-US\"},{\"@type\":\"Organization\",\"@id\":\"https:\\\/\\\/laitthymsel.com\\\/en\\\/#organization\",\"name\":\"Restaurant Lait Thym Sel\",\"alternateName\":\"Restaurant\",\"url\":\"https:\\\/\\\/laitthymsel.com\\\/en\\\/\",\"logo\":{\"@type\":\"ImageObject\",\"inLanguage\":\"en-US\",\"@id\":\"https:\\\/\\\/laitthymsel.com\\\/en\\\/#\\\/schema\\\/logo\\\/image\\\/\",\"url\":\"https:\\\/\\\/laitthymsel.com\\\/wp-content\\\/uploads\\\/2023\\\/10\\\/cropped-Logo-LAIT-THYM-SEL.png\",\"contentUrl\":\"https:\\\/\\\/laitthymsel.com\\\/wp-content\\\/uploads\\\/2023\\\/10\\\/cropped-Logo-LAIT-THYM-SEL.png\",\"width\":512,\"height\":512,\"caption\":\"Restaurant Lait Thym Sel\"},\"image\":{\"@id\":\"https:\\\/\\\/laitthymsel.com\\\/en\\\/#\\\/schema\\\/logo\\\/image\\\/\"},\"sameAs\":[\"https:\\\/\\\/www.facebook.com\\\/Lait.Thym.Sel.Restaurant\\\/?locale=fr_FR\",\"https:\\\/\\\/www.instagram.com\\\/lait.thym.sel\\\/?hl=fr\"]}]}<\/script>\n<!-- \/ Yoast SEO plugin. -->","yoast_head_json":{"title":"Restaurant Gastronomique \u00e9toil\u00e9 \u00e0 Angers","description":"\u00c9toil\u00e9 au Guide Michelin : Une cuisine d'une grande finesse ! 3 toques selon Gault&Millau : Un chef inspir\u00e9 par les produits de saison.","robots":{"index":"index","follow":"follow","max-snippet":"max-snippet:-1","max-image-preview":"max-image-preview:large","max-video-preview":"max-video-preview:-1"},"canonical":"[et_pb_section fb_built=\"1\" specialty=\"on\" background_color_1=\"RGBA(255,255,255,0)\" _builder_version=\"4.23.1\" _module_preset=\"default\" background_color=\"#1D1D1B\" background_video_mp4=\"https:\/\/laitthymsel.com\/wp-content\/uploads\/2023\/10\/diaporama-Lait-Thym-sel.mp4\" min_height=\"829.8px\" link_option_url=\"https:\/\/laitthymsel.com\/restaurant\/\" global_colors_info=\"{}\"][et_pb_column type=\"1_2\" _builder_version=\"4.16\" custom_padding=\"|||\" global_colors_info=\"{}\" custom_padding__hover=\"|||\"][dsm_perspective_image src=\"https:\/\/laitthymsel.com\/wp-content\/uploads\/2023\/11\/Logo-Lait-Thym-Sel-Accueil.png\" alt=\"Restaurant Gastronomique \u00e0 Angers\" title_text=\"Logo Lait Thym Sel-Accueil\" url=\"https:\/\/laitthymsel.com\/restaurant\/\" align=\"center\" _builder_version=\"4.23.1\" _module_preset=\"default\" custom_margin=\"100px||||false|false\" custom_margin_tablet=\"100px||||false|false\" custom_margin_phone=\"50px||-50px||false|false\" custom_margin_last_edited=\"on|phone\" animation_style=\"fade\" animation_duration=\"1500ms\" animation_delay=\"750ms\" animation_starting_opacity=\"13%\" animation_speed_curve=\"ease-in\" global_colors_info=\"{}\"][\/dsm_perspective_image][\/et_pb_column][et_pb_column type=\"1_2\" specialty_columns=\"2\" _builder_version=\"4.16\" custom_padding=\"|||\" global_colors_info=\"{}\" custom_padding__hover=\"|||\"][et_pb_row_inner _builder_version=\"4.22.2\" _module_preset=\"default\" custom_margin=\"200px||||false|false\" custom_margin_tablet=\"200px||||false|false\" custom_margin_phone=\"0px||||false|false\" custom_margin_last_edited=\"on|phone\" global_colors_info=\"{}\"][et_pb_column_inner saved_specialty_column_type=\"1_2\" _builder_version=\"4.22.2\" _module_preset=\"default\"&hellip;","og_locale":"en_US","og_type":"article","og_title":"Restaurant Gastronomique \u00e9toil\u00e9 \u00e0 Angers","og_description":"\u00c9toil\u00e9 au Guide Michelin : Une cuisine d'une grande finesse ! 3 toques selon Gault&Millau : Un chef inspir\u00e9 par les produits de saison.","og_url":"https:\/\/laitthymsel.com\/en\/","og_site_name":"Lait Thym Sel","article_publisher":"https:\/\/www.facebook.com\/Lait.Thym.Sel.Restaurant\/?locale=fr_FR","article_modified_time":"2026-01-15T08:45:42+00:00","twitter_card":"summary_large_image","twitter_misc":{"Est. reading time":"1 minute"},"schema":{"@context":"https:\/\/schema.org","@graph":[{"@type":"WebPage","@id":"https:\/\/laitthymsel.com\/en\/","url":"https:\/\/laitthymsel.com\/en\/","name":"Restaurant Gastronomique \u00e9toil\u00e9 \u00e0 Angers","isPartOf":{"@id":"https:\/\/laitthymsel.com\/#website"},"datePublished":"2023-10-13T12:33:08+00:00","dateModified":"2026-01-15T08:45:42+00:00","description":"\u00c9toil\u00e9 au Guide Michelin : Une cuisine d'une grande finesse ! 3 toques selon Gault&Millau : Un chef inspir\u00e9 par les produits de saison.","breadcrumb":{"@id":"https:\/\/laitthymsel.com\/en\/#breadcrumb"},"inLanguage":"en-US","potentialAction":[{"@type":"ReadAction","target":["https:\/\/laitthymsel.com\/en\/"]}]},{"@type":"BreadcrumbList","@id":"https:\/\/laitthymsel.com\/en\/#breadcrumb","itemListElement":[{"@type":"ListItem","position":1,"name":"Accueil","item":"https:\/\/laitthymsel.com\/"},{"@type":"ListItem","position":2,"name":"Accueil"}]},{"@type":"WebSite","@id":"https:\/\/laitthymsel.com\/en\/#website","url":"https:\/\/laitthymsel.com\/en\/","name":"Lait Thym Sel","description":"Restaurant \u00e0 Angers","publisher":{"@id":"https:\/\/laitthymsel.com\/en\/#organization"},"alternateName":"Restaurant","potentialAction":[{"@type":"SearchAction","target":{"@type":"EntryPoint","urlTemplate":"https:\/\/laitthymsel.com\/en\/?s={search_term_string}"},"query-input":{"@type":"PropertyValueSpecification","valueRequired":true,"valueName":"search_term_string"}}],"inLanguage":"en-US"},{"@type":"Organization","@id":"https:\/\/laitthymsel.com\/en\/#organization","name":"Restaurant Lait Thym Sel","alternateName":"Restaurant","url":"https:\/\/laitthymsel.com\/en\/","logo":{"@type":"ImageObject","inLanguage":"en-US","@id":"https:\/\/laitthymsel.com\/en\/#\/schema\/logo\/image\/","url":"https:\/\/laitthymsel.com\/wp-content\/uploads\/2023\/10\/cropped-Logo-LAIT-THYM-SEL.png","contentUrl":"https:\/\/laitthymsel.com\/wp-content\/uploads\/2023\/10\/cropped-Logo-LAIT-THYM-SEL.png","width":512,"height":512,"caption":"Restaurant Lait Thym Sel"},"image":{"@id":"https:\/\/laitthymsel.com\/en\/#\/schema\/logo\/image\/"},"sameAs":["https:\/\/www.facebook.com\/Lait.Thym.Sel.Restaurant\/?locale=fr_FR","https:\/\/www.instagram.com\/lait.thym.sel\/?hl=fr"]}]}},"_links":{"self":[{"href":"https:\/\/laitthymsel.com\/en\/wp-json\/wp\/v2\/pages\/30","targetHints":{"allow":["GET"]}}],"collection":[{"href":"https:\/\/laitthymsel.com\/en\/wp-json\/wp\/v2\/pages"}],"about":[{"href":"https:\/\/laitthymsel.com\/en\/wp-json\/wp\/v2\/types\/page"}],"author":[{"embeddable":true,"href":"https:\/\/laitthymsel.com\/en\/wp-json\/wp\/v2\/users\/2"}],"replies":[{"embeddable":true,"href":"https:\/\/laitthymsel.com\/en\/wp-json\/wp\/v2\/comments?post=30"}],"version-history":[{"count":59,"href":"https:\/\/laitthymsel.com\/en\/wp-json\/wp\/v2\/pages\/30\/revisions"}],"predecessor-version":[{"id":1045,"href":"https:\/\/laitthymsel.com\/en\/wp-json\/wp\/v2\/pages\/30\/revisions\/1045"}],"wp:attachment":[{"href":"https:\/\/laitthymsel.com\/en\/wp-json\/wp\/v2\/media?parent=30"}],"curies":[{"name":"wp","href":"https:\/\/api.w.org\/{rel}","templated":true}]}}