{"id":20,"date":"2023-10-13T14:29:02","date_gmt":"2023-10-13T12:29:02","guid":{"rendered":"http:\/\/creanova2023.s193116.creanova-001.webo-facto.com\/?page_id=20"},"modified":"2025-12-05T14:59:44","modified_gmt":"2025-12-05T13:59:44","slug":"reservation","status":"publish","type":"page","link":"https:\/\/laitthymsel.com\/en\/reservation\/","title":{"rendered":"R\u00e9servation"},"content":{"rendered":"<p>[et_pb_section fb_built=&#8221;1&#8243; _builder_version=&#8221;4.23.1&#8243; _module_preset=&#8221;default&#8221; background_color=&#8221;#1D1D1B&#8221; height=&#8221;100px&#8221; custom_margin=&#8221;||||false|false&#8221; custom_padding=&#8221;6px|||||&#8221; global_colors_info=&#8221;{}&#8221;][et_pb_row _builder_version=&#8221;4.23.1&#8243; _module_preset=&#8221;default&#8221; width=&#8221;104%&#8221; max_width=&#8221;1300px&#8221; min_height=&#8221;121px&#8221; custom_margin=&#8221;5px|100px||70px|false|false&#8221; custom_padding=&#8221;13px||14px|||&#8221; global_colors_info=&#8221;{}&#8221;][et_pb_column type=&#8221;4_4&#8243; _builder_version=&#8221;4.23.1&#8243; _module_preset=&#8221;default&#8221; global_colors_info=&#8221;{}&#8221;][et_pb_menu submenu_direction=&#8221;downwards&#8221; active_link_color=&#8221;#FFFFFF&#8221; dropdown_menu_line_color=&#8221;#C18F65&#8243; mobile_menu_bg_color_tablet=&#8221;&#8221; mobile_menu_bg_color_phone=&#8221;#1D1D1B&#8221; mobile_menu_bg_color_last_edited=&#8221;on|phone&#8221; mobile_menu_text_color_tablet=&#8221;&#8221; mobile_menu_text_color_phone=&#8221;#FFFFFF&#8221; mobile_menu_text_color_last_edited=&#8221;on|phone&#8221; cart_icon_color_tablet=&#8221;&#8221; cart_icon_color_phone=&#8221;&#8221; cart_icon_color_last_edited=&#8221;on|phone&#8221; menu_icon_color_tablet=&#8221;&#8221; menu_icon_color_phone=&#8221;#C18F65&#8243; menu_icon_color_last_edited=&#8221;on|phone&#8221; _builder_version=&#8221;4.23.1&#8243; _module_preset=&#8221;default&#8221; menu_font=&#8221;Abhaya Libre|||on|||||&#8221; background_color=&#8221;#1D1D1B&#8221; text_orientation=&#8221;right&#8221; background_layout=&#8221;dark&#8221; menu_line_height_tablet=&#8221;&#8221; menu_line_height_phone=&#8221;0.9em&#8221; menu_line_height_last_edited=&#8221;on|phone&#8221; background_last_edited=&#8221;on|phone&#8221; text_orientation_tablet=&#8221;&#8221; text_orientation_phone=&#8221;&#8221; text_orientation_last_edited=&#8221;on|phone&#8221; global_colors_info=&#8221;{}&#8221;][\/et_pb_menu][\/et_pb_column][\/et_pb_row][\/et_pb_section][et_pb_section fb_built=&#8221;1&#8243; _builder_version=&#8221;4.22.2&#8243; _module_preset=&#8221;default&#8221; background_color=&#8221;#1D1D1B&#8221; min_height=&#8221;850px&#8221; min_height_tablet=&#8221;850px&#8221; min_height_phone=&#8221;850px&#8221; min_height_last_edited=&#8221;on|phone&#8221; custom_padding=&#8221;9px||40px||false|false&#8221; global_colors_info=&#8221;{}&#8221;][et_pb_row custom_padding_last_edited=&#8221;on|phone&#8221; _builder_version=&#8221;4.22.2&#8243; _module_preset=&#8221;default&#8221; width=&#8221;104%&#8221; width_tablet=&#8221;104%&#8221; width_phone=&#8221;104%&#8221; width_last_edited=&#8221;on|phone&#8221; max_width=&#8221;1300px&#8221; max_width_tablet=&#8221;1300px&#8221; max_width_phone=&#8221;1300px&#8221; max_width_last_edited=&#8221;on|phone&#8221; min_height=&#8221;121px&#8221; min_height_tablet=&#8221;121px&#8221; min_height_phone=&#8221;121px&#8221; min_height_last_edited=&#8221;on|phone&#8221; custom_margin=&#8221;5px|100px||70px|false|false&#8221; custom_margin_tablet=&#8221;5px|100px||70px|false|false&#8221; custom_margin_phone=&#8221;10px|||0px|false|false&#8221; custom_margin_last_edited=&#8221;on|phone&#8221; custom_padding=&#8221;13px||14px|||&#8221; custom_padding_tablet=&#8221;13px||14px|||&#8221; custom_padding_phone=&#8221;0px||0px||false|false&#8221; module_alignment_tablet=&#8221;&#8221; module_alignment_phone=&#8221;&#8221; module_alignment_last_edited=&#8221;on|phone&#8221; global_colors_info=&#8221;{}&#8221;][et_pb_column type=&#8221;4_4&#8243; _builder_version=&#8221;4.22.2&#8243; _module_preset=&#8221;default&#8221; global_colors_info=&#8221;{}&#8221;][et_pb_image src=&#8221;https:\/\/laitthymsel.com\/wp-content\/uploads\/2023\/10\/Logo.Couleur-lettrage-blnc-horizontale.png&#8221; alt=&#8221;Logo du restaurant LAIT THYM SEL&#8221; title_text=&#8221;Logo.Couleur-+-lettrage-blnc-horizontale&#8221; url=&#8221;https:\/\/laitthymsel.com\/restaurant\/&#8221; _builder_version=&#8221;4.27.2&#8243; _module_preset=&#8221;default&#8221; width=&#8221;30%&#8221; width_tablet=&#8221;30%&#8221; width_phone=&#8221;80%&#8221; width_last_edited=&#8221;on|phone&#8221; max_width_tablet=&#8221;&#8221; max_width_phone=&#8221;&#8221; max_width_last_edited=&#8221;on|phone&#8221; min_height_tablet=&#8221;&#8221; min_height_phone=&#8221;&#8221; min_height_last_edited=&#8221;on|phone&#8221; height_tablet=&#8221;&#8221; height_phone=&#8221;&#8221; height_last_edited=&#8221;on|phone&#8221; max_height_tablet=&#8221;&#8221; max_height_phone=&#8221;&#8221; max_height_last_edited=&#8221;on|phone&#8221; custom_margin=&#8221;-12px|||10px|false|false&#8221; custom_margin_tablet=&#8221;40px|||10px|false|false&#8221; custom_margin_phone=&#8221;40px|||10px|false|false&#8221; custom_margin_last_edited=&#8221;on|phone&#8221; custom_padding=&#8221;0px|||34px||&#8221; custom_padding_tablet=&#8221;|||34px||&#8221; custom_padding_phone=&#8221;|||34px||&#8221; custom_padding_last_edited=&#8221;on|phone&#8221; module_alignment_tablet=&#8221;&#8221; module_alignment_phone=&#8221;&#8221; module_alignment_last_edited=&#8221;on|phone&#8221; global_colors_info=&#8221;{}&#8221;][\/et_pb_image][\/et_pb_column][\/et_pb_row][et_pb_row column_structure=&#8221;1_2,1_2&#8243; _builder_version=&#8221;4.27.4&#8243; _module_preset=&#8221;default&#8221; width=&#8221;73.8%&#8221; custom_margin=&#8221;|||auto|false|false&#8221; global_colors_info=&#8221;{}&#8221;][et_pb_column type=&#8221;1_2&#8243; _builder_version=&#8221;4.23.1&#8243; _module_preset=&#8221;default&#8221; global_colors_info=&#8221;{}&#8221;][et_pb_text disabled_on=&#8221;on|off|off&#8221; _builder_version=&#8221;4.27.5&#8243; _module_preset=&#8221;default&#8221; text_font=&#8221;Abhaya Libre||||||||&#8221; text_text_color=&#8221;#FFFFFF&#8221; text_font_size=&#8221;16px&#8221; text_line_height=&#8221;1.2em&#8221; hover_enabled=&#8221;0&#8243; content_en_us=&#8221;<\/p>\n<p>If you do not receive a confirmation e-mail or text message, please contact us by e-mail at <span style=%22color: #ffffff;%22><a href=%22mailto:contact@laitthymsel.fr%22 data-et-target-link=%22_blank%22 rel=%22noopener%22 style=%22color: #ffffff; text-decoration: underline;%22>contact@laitthymsel.fr<\/a><\/span> or by telephone on <span style=%22color: #ffffff;%22><a href=%22tel:0789658907%22 style=%22color: #ffffff; text-decoration: underline;%22>07 89 65 89 07<\/a><\/span>.<\/p>\n<p>The bank imprint serves as a guarantee for your booking but does not constitute a debit or a deposit. You have 12 hours before the start of your booking to change or cancel it. After this time, cancellation requests will be dealt with on a case-by-case basis.<\/p>\n<p>Thank you for your understanding.<\/p>\n<p>&#8221; global_colors_info=&#8221;{}&#8221; sticky_enabled=&#8221;0&#8243;]<\/p>\n<p><strong>Votre r\u00e9servation n\u2019est valid\u00e9e que lorsque vous recevez le mail de confirmation, si vous ne recevez aucun mail ou SMS de confirmation, nous vous invitons \u00e0 nous contacter par e-mail \u00e0 <a href=\"mailto:contact@laitthymsel.fr\"><span style=\"color: #ffffff;\">contact@laitthymsel.fr<\/span><\/a> ou par t\u00e9l\u00e9phone au <a href=\"tel:0789658907\" target=\"_blank\" rel=\"noopener\"><span><span style=\"color: #ffffff;\">07 89 65 89 07<\/span><\/span><\/a><\/strong><\/p>\n<p>L\u2019empreinte bancaire sert de garantie \u00e0 votre r\u00e9servation mais ne constitue aucun d\u00e9bit, ni acompte. Vous disposez d\u2019un d\u00e9lai de 12h pr\u00e9c\u00e9dant l\u2019horaire de votre r\u00e9servation pour la modifier ou l\u2019annuler. Pass\u00e9 ce d\u00e9lai, les demandes d\u2019annulation seront trait\u00e9es au cas par cas.<\/p>\n<p>Merci de votre compr\u00e9hension.<\/p>\n<p>[\/et_pb_text][\/et_pb_column][et_pb_column type=&#8221;1_2&#8243; _builder_version=&#8221;4.27.4&#8243; _module_preset=&#8221;default&#8221; background_color=&#8221;RGBA(255,255,255,0)&#8221; global_colors_info=&#8221;{}&#8221;][et_pb_code disabled_on=&#8221;off|off|off&#8221; _builder_version=&#8221;4.27.4&#8243; _module_preset=&#8221;default&#8221; border_radii=&#8221;on|20px|20px|20px|20px&#8221; global_colors_info=&#8221;{}&#8221;]<iframe loading=\"lazy\" src=\"https:\/\/reservations.1001menus.com\/indexv2.php?rid=352208&#038;pid=1001&#038;padding=0&#038;bgcolor=363636&#038;ftcolor=fff&#038;ticolor=363636&#038;bghvcolor=000&#038;fthvcolor=fff&#038;txtcolor=363636&#038;type=web&#038;lang=fr\" frameborder=\"0\" scrolling=\"yes\" width=\"100%\" height=\"630\" style=\"display: block; margin: 0 auto; max-width: 600px; height:630px;\"><\/iframe>[\/et_pb_code][et_pb_text disabled_on=&#8221;off|on|on&#8221; _builder_version=&#8221;4.27.4&#8243; _module_preset=&#8221;default&#8221; text_font=&#8221;Abhaya Libre||||||||&#8221; text_text_color=&#8221;#FFFFFF&#8221; text_font_size=&#8221;16px&#8221; text_line_height=&#8221;1.2em&#8221; content_en_us=&#8221;<\/p>\n<p>If you do not receive a confirmation e-mail or text message, please contact us by e-mail at <span style=%22color: #ffffff;%22><a href=%22mailto:contact@laitthymsel.fr%22 data-et-target-link=%22_blank%22 rel=%22noopener%22 style=%22color: #ffffff; text-decoration: underline;%22>contact@laitthymsel.fr<\/a><\/span> or by telephone on <span style=%22color: #ffffff;%22><a href=%22tel:0789658907%22 style=%22color: #ffffff; text-decoration: underline;%22>07 89 65 89 07<\/a><\/span>.<\/p>\n<p>The bank imprint serves as a guarantee for your booking but does not constitute a debit or a deposit. You have 12 hours before the start of your booking to change or cancel it. After this time, cancellation requests will be dealt with on a case-by-case basis.<\/p>\n<p>Thank you for your understanding.<\/p>\n<p>&#8221; global_colors_info=&#8221;{}&#8221;]<\/p>\n<p><strong>Votre r\u00e9servation n\u2019est valid\u00e9e que lorsque vous recevez le mail de confirmation, si vous ne recevez aucun mail ou SMS de confirmation, nous vous invitons \u00e0 nous contacter par e-mail \u00e0 <a href=\"mailto:contact@laitthymsel.fr\"><span style=\"color: #ffffff;\">contact@laitthymsel.fr<\/span><\/a> ou par t\u00e9l\u00e9phone au <a href=\"tel:0789658907\" target=\"_blank\" rel=\"noopener\"><span><span style=\"color: #ffffff;\">07 89 65 89 07<\/span><\/span><\/a><\/strong><\/p>\n<p>L\u2019empreinte bancaire sert de garantie \u00e0 votre r\u00e9servation mais ne constitue aucun d\u00e9bit, ni acompte. Vous disposez d\u2019un d\u00e9lai de 12h pr\u00e9c\u00e9dant l\u2019horaire de votre r\u00e9servation pour la modifier ou l\u2019annuler. Pass\u00e9 ce d\u00e9lai, les demandes d\u2019annulation seront trait\u00e9es au cas par cas.<\/p>\n<p>Merci de votre compr\u00e9hension.<\/p>\n<p>[\/et_pb_text][\/et_pb_column][\/et_pb_row][\/et_pb_section]<\/p>\n","protected":false},"excerpt":{"rendered":"<p>Votre r\u00e9servation n\u2019est valid\u00e9e que lorsque vous recevez le mail de confirmation, si vous ne recevez aucun mail ou SMS de confirmation, nous vous invitons \u00e0 nous contacter par e-mail \u00e0 contact@laitthymsel.fr ou par t\u00e9l\u00e9phone au 07 89 65 89 07 L\u2019empreinte bancaire sert de garantie \u00e0 votre r\u00e9servation mais ne constitue aucun d\u00e9bit, ni [&hellip;]<\/p>\n","protected":false},"author":2,"featured_media":0,"parent":0,"menu_order":0,"comment_status":"closed","ping_status":"closed","template":"","meta":{"_et_pb_use_builder":"on","_et_pb_old_content":"<!-- wp:divi\/placeholder \/-->","_et_gb_content_width":"","footnotes":""},"class_list":["post-20","page","type-page","status-publish","hentry"],"yoast_head":"<!-- This site is optimized with the Yoast SEO plugin v27.3 - https:\/\/yoast.com\/product\/yoast-seo-wordpress\/ -->\n<title>R\u00e9server une table<\/title>\n<meta name=\"description\" content=\"Du jeudi au vendredi \u00e0 partir de 12h15 et du mardi au vendredi \u00e0 partir de 19h30. Nous ne proposons pas de table de plus de 5 convives.\" \/>\n<meta name=\"robots\" content=\"index, follow, max-snippet:-1, max-image-preview:large, max-video-preview:-1\" \/>\n<link rel=\"canonical\" href=\"http:\/\/[et_pb_section%20fb_built=1%20_builder_version=4.23.1%20_module_preset=default%20background_color=#1D1D1B%20height=100px%20custom_margin=||||false|false%20custom_padding=6px|||||%20global_colors_info=%5D%5Bet_pb_row%20_builder_version=4.23.1%20_module_preset=default%20width=104%%20max_width=1300px%20min_height=121px%20custom_margin=5px|100px||70px|false|false%20custom_padding=13px||14px|||%20global_colors_info=%5D%5Bet_pb_column%20type=4_4%20_builder_version=4.23.1%20_module_preset=default%20global_colors_info=%5D%5Bet_pb_menu%20submenu_direction=downwards%20active_link_color=#FFFFFF%20dropdown_menu_line_color=#C18F65%20mobile_menu_bg_color_tablet=%20mobile_menu_bg_color_phone=#1D1D1B%20mobile_menu_bg_color_last_edited=on|phone%20mobile_menu_text_color_tablet=%20mobile_menu_text_color_phone=#FFFFFF%20mobile_menu_text_color_last_edited=on|phone%20cart_icon_color_tablet=%20cart_icon_color_phone=%20cart_icon_color_last_edited=on|phone%20menu_icon_color_tablet=%20menu_icon_color_phone=#C18F65%20menu_icon_color_last_edited=on|phone%20_builder_version=4.23.1%20_module_preset=default%20menu_font=Abhaya%20Libre|||on|||||%20background_color=#1D1D1B%20text_orientation=right%20background_layout=dark%20menu_line_height_tablet=%20menu_line_height_phone=0.9em%20menu_line_height_last_edited=on|phone%20background_last_edited=on|phone%20text_orientation_tablet=%20text_orientation_phone=%20text_orientation_last_edited=on|phone%20global_colors_info=%5D%5B\/et_pb_menu%5D%5B\/et_pb_column%5D%5B\/et_pb_row%5D%5B\/et_pb_section%5D%5Bet_pb_section%20fb_built=1%20_builder_version=4.22.2%20_module_preset=default%20background_color=#1D1D1B&hellip;\" \/>\n<meta property=\"og:locale\" content=\"en_US\" \/>\n<meta property=\"og:type\" content=\"article\" \/>\n<meta property=\"og:title\" content=\"R\u00e9server une table\" \/>\n<meta property=\"og:description\" content=\"Du jeudi au vendredi \u00e0 partir de 12h15 et du mardi au vendredi \u00e0 partir de 19h30. Nous ne proposons pas de table de plus de 5 convives.\" \/>\n<meta property=\"og:url\" content=\"https:\/\/laitthymsel.com\/en\/reservation\/\" \/>\n<meta property=\"og:site_name\" content=\"Lait Thym Sel\" \/>\n<meta property=\"article:publisher\" content=\"https:\/\/www.facebook.com\/Lait.Thym.Sel.Restaurant\/?locale=fr_FR\" \/>\n<meta property=\"article:modified_time\" content=\"2025-12-05T13:59:44+00:00\" \/>\n<meta name=\"twitter:card\" content=\"summary_large_image\" \/>\n<meta name=\"twitter:label1\" content=\"Est. reading time\" \/>\n\t<meta name=\"twitter:data1\" content=\"3 minutes\" \/>\n<script type=\"application\/ld+json\" class=\"yoast-schema-graph\">{\"@context\":\"https:\\\/\\\/schema.org\",\"@graph\":[{\"@type\":\"WebPage\",\"@id\":\"https:\\\/\\\/laitthymsel.com\\\/en\\\/reservation\\\/\",\"url\":\"https:\\\/\\\/laitthymsel.com\\\/en\\\/reservation\\\/\",\"name\":\"R\u00e9server une table\",\"isPartOf\":{\"@id\":\"https:\\\/\\\/laitthymsel.com\\\/#website\"},\"datePublished\":\"2023-10-13T12:29:02+00:00\",\"dateModified\":\"2025-12-05T13:59:44+00:00\",\"description\":\"Du jeudi au vendredi \u00e0 partir de 12h15 et du mardi au vendredi \u00e0 partir de 19h30. Nous ne proposons pas de table de plus de 5 convives.\",\"breadcrumb\":{\"@id\":\"https:\\\/\\\/laitthymsel.com\\\/en\\\/reservation\\\/#breadcrumb\"},\"inLanguage\":\"en-US\",\"potentialAction\":[{\"@type\":\"ReadAction\",\"target\":[\"https:\\\/\\\/laitthymsel.com\\\/en\\\/reservation\\\/\"]}]},{\"@type\":\"BreadcrumbList\",\"@id\":\"https:\\\/\\\/laitthymsel.com\\\/en\\\/reservation\\\/#breadcrumb\",\"itemListElement\":[{\"@type\":\"ListItem\",\"position\":1,\"name\":\"Accueil\",\"item\":\"https:\\\/\\\/laitthymsel.com\\\/\"},{\"@type\":\"ListItem\",\"position\":2,\"name\":\"R\u00e9servation\"}]},{\"@type\":\"WebSite\",\"@id\":\"https:\\\/\\\/laitthymsel.com\\\/en\\\/#website\",\"url\":\"https:\\\/\\\/laitthymsel.com\\\/en\\\/\",\"name\":\"Lait Thym Sel\",\"description\":\"Restaurant \u00e0 Angers\",\"publisher\":{\"@id\":\"https:\\\/\\\/laitthymsel.com\\\/en\\\/#organization\"},\"alternateName\":\"Restaurant\",\"potentialAction\":[{\"@type\":\"SearchAction\",\"target\":{\"@type\":\"EntryPoint\",\"urlTemplate\":\"https:\\\/\\\/laitthymsel.com\\\/en\\\/?s={search_term_string}\"},\"query-input\":{\"@type\":\"PropertyValueSpecification\",\"valueRequired\":true,\"valueName\":\"search_term_string\"}}],\"inLanguage\":\"en-US\"},{\"@type\":\"Organization\",\"@id\":\"https:\\\/\\\/laitthymsel.com\\\/en\\\/#organization\",\"name\":\"Restaurant Lait Thym Sel\",\"alternateName\":\"Restaurant\",\"url\":\"https:\\\/\\\/laitthymsel.com\\\/en\\\/\",\"logo\":{\"@type\":\"ImageObject\",\"inLanguage\":\"en-US\",\"@id\":\"https:\\\/\\\/laitthymsel.com\\\/en\\\/#\\\/schema\\\/logo\\\/image\\\/\",\"url\":\"https:\\\/\\\/laitthymsel.com\\\/wp-content\\\/uploads\\\/2023\\\/10\\\/cropped-Logo-LAIT-THYM-SEL.png\",\"contentUrl\":\"https:\\\/\\\/laitthymsel.com\\\/wp-content\\\/uploads\\\/2023\\\/10\\\/cropped-Logo-LAIT-THYM-SEL.png\",\"width\":512,\"height\":512,\"caption\":\"Restaurant Lait Thym Sel\"},\"image\":{\"@id\":\"https:\\\/\\\/laitthymsel.com\\\/en\\\/#\\\/schema\\\/logo\\\/image\\\/\"},\"sameAs\":[\"https:\\\/\\\/www.facebook.com\\\/Lait.Thym.Sel.Restaurant\\\/?locale=fr_FR\",\"https:\\\/\\\/www.instagram.com\\\/lait.thym.sel\\\/?hl=fr\"]}]}<\/script>\n<!-- \/ Yoast SEO plugin. -->","yoast_head_json":{"title":"R\u00e9server une table","description":"Du jeudi au vendredi \u00e0 partir de 12h15 et du mardi au vendredi \u00e0 partir de 19h30. Nous ne proposons pas de table de plus de 5 convives.","robots":{"index":"index","follow":"follow","max-snippet":"max-snippet:-1","max-image-preview":"max-image-preview:large","max-video-preview":"max-video-preview:-1"},"canonical":"[et_pb_section fb_built=\"1\" _builder_version=\"4.23.1\" _module_preset=\"default\" background_color=\"#1D1D1B\" height=\"100px\" custom_margin=\"||||false|false\" custom_padding=\"6px|||||\" global_colors_info=\"{}\"][et_pb_row _builder_version=\"4.23.1\" _module_preset=\"default\" width=\"104%\" max_width=\"1300px\" min_height=\"121px\" custom_margin=\"5px|100px||70px|false|false\" custom_padding=\"13px||14px|||\" global_colors_info=\"{}\"][et_pb_column type=\"4_4\" _builder_version=\"4.23.1\" _module_preset=\"default\" global_colors_info=\"{}\"][et_pb_menu submenu_direction=\"downwards\" active_link_color=\"#FFFFFF\" dropdown_menu_line_color=\"#C18F65\" mobile_menu_bg_color_tablet=\"\" mobile_menu_bg_color_phone=\"#1D1D1B\" mobile_menu_bg_color_last_edited=\"on|phone\" mobile_menu_text_color_tablet=\"\" mobile_menu_text_color_phone=\"#FFFFFF\" mobile_menu_text_color_last_edited=\"on|phone\" cart_icon_color_tablet=\"\" cart_icon_color_phone=\"\" cart_icon_color_last_edited=\"on|phone\" menu_icon_color_tablet=\"\" menu_icon_color_phone=\"#C18F65\" menu_icon_color_last_edited=\"on|phone\" _builder_version=\"4.23.1\" _module_preset=\"default\" menu_font=\"Abhaya Libre|||on|||||\" background_color=\"#1D1D1B\" text_orientation=\"right\" background_layout=\"dark\" menu_line_height_tablet=\"\" menu_line_height_phone=\"0.9em\" menu_line_height_last_edited=\"on|phone\" background_last_edited=\"on|phone\" text_orientation_tablet=\"\" text_orientation_phone=\"\" text_orientation_last_edited=\"on|phone\" global_colors_info=\"{}\"][\/et_pb_menu][\/et_pb_column][\/et_pb_row][\/et_pb_section][et_pb_section fb_built=\"1\" _builder_version=\"4.22.2\" _module_preset=\"default\" background_color=\"#1D1D1B\"&hellip;","og_locale":"en_US","og_type":"article","og_title":"R\u00e9server une table","og_description":"Du jeudi au vendredi \u00e0 partir de 12h15 et du mardi au vendredi \u00e0 partir de 19h30. Nous ne proposons pas de table de plus de 5 convives.","og_url":"https:\/\/laitthymsel.com\/en\/reservation\/","og_site_name":"Lait Thym Sel","article_publisher":"https:\/\/www.facebook.com\/Lait.Thym.Sel.Restaurant\/?locale=fr_FR","article_modified_time":"2025-12-05T13:59:44+00:00","twitter_card":"summary_large_image","twitter_misc":{"Est. reading time":"3 minutes"},"schema":{"@context":"https:\/\/schema.org","@graph":[{"@type":"WebPage","@id":"https:\/\/laitthymsel.com\/en\/reservation\/","url":"https:\/\/laitthymsel.com\/en\/reservation\/","name":"R\u00e9server une table","isPartOf":{"@id":"https:\/\/laitthymsel.com\/#website"},"datePublished":"2023-10-13T12:29:02+00:00","dateModified":"2025-12-05T13:59:44+00:00","description":"Du jeudi au vendredi \u00e0 partir de 12h15 et du mardi au vendredi \u00e0 partir de 19h30. Nous ne proposons pas de table de plus de 5 convives.","breadcrumb":{"@id":"https:\/\/laitthymsel.com\/en\/reservation\/#breadcrumb"},"inLanguage":"en-US","potentialAction":[{"@type":"ReadAction","target":["https:\/\/laitthymsel.com\/en\/reservation\/"]}]},{"@type":"BreadcrumbList","@id":"https:\/\/laitthymsel.com\/en\/reservation\/#breadcrumb","itemListElement":[{"@type":"ListItem","position":1,"name":"Accueil","item":"https:\/\/laitthymsel.com\/"},{"@type":"ListItem","position":2,"name":"R\u00e9servation"}]},{"@type":"WebSite","@id":"https:\/\/laitthymsel.com\/en\/#website","url":"https:\/\/laitthymsel.com\/en\/","name":"Lait Thym Sel","description":"Restaurant \u00e0 Angers","publisher":{"@id":"https:\/\/laitthymsel.com\/en\/#organization"},"alternateName":"Restaurant","potentialAction":[{"@type":"SearchAction","target":{"@type":"EntryPoint","urlTemplate":"https:\/\/laitthymsel.com\/en\/?s={search_term_string}"},"query-input":{"@type":"PropertyValueSpecification","valueRequired":true,"valueName":"search_term_string"}}],"inLanguage":"en-US"},{"@type":"Organization","@id":"https:\/\/laitthymsel.com\/en\/#organization","name":"Restaurant Lait Thym Sel","alternateName":"Restaurant","url":"https:\/\/laitthymsel.com\/en\/","logo":{"@type":"ImageObject","inLanguage":"en-US","@id":"https:\/\/laitthymsel.com\/en\/#\/schema\/logo\/image\/","url":"https:\/\/laitthymsel.com\/wp-content\/uploads\/2023\/10\/cropped-Logo-LAIT-THYM-SEL.png","contentUrl":"https:\/\/laitthymsel.com\/wp-content\/uploads\/2023\/10\/cropped-Logo-LAIT-THYM-SEL.png","width":512,"height":512,"caption":"Restaurant Lait Thym Sel"},"image":{"@id":"https:\/\/laitthymsel.com\/en\/#\/schema\/logo\/image\/"},"sameAs":["https:\/\/www.facebook.com\/Lait.Thym.Sel.Restaurant\/?locale=fr_FR","https:\/\/www.instagram.com\/lait.thym.sel\/?hl=fr"]}]}},"_links":{"self":[{"href":"https:\/\/laitthymsel.com\/en\/wp-json\/wp\/v2\/pages\/20","targetHints":{"allow":["GET"]}}],"collection":[{"href":"https:\/\/laitthymsel.com\/en\/wp-json\/wp\/v2\/pages"}],"about":[{"href":"https:\/\/laitthymsel.com\/en\/wp-json\/wp\/v2\/types\/page"}],"author":[{"embeddable":true,"href":"https:\/\/laitthymsel.com\/en\/wp-json\/wp\/v2\/users\/2"}],"replies":[{"embeddable":true,"href":"https:\/\/laitthymsel.com\/en\/wp-json\/wp\/v2\/comments?post=20"}],"version-history":[{"count":85,"href":"https:\/\/laitthymsel.com\/en\/wp-json\/wp\/v2\/pages\/20\/revisions"}],"predecessor-version":[{"id":1017,"href":"https:\/\/laitthymsel.com\/en\/wp-json\/wp\/v2\/pages\/20\/revisions\/1017"}],"wp:attachment":[{"href":"https:\/\/laitthymsel.com\/en\/wp-json\/wp\/v2\/media?parent=20"}],"curies":[{"name":"wp","href":"https:\/\/api.w.org\/{rel}","templated":true}]}}