{"id":18,"date":"2023-10-13T14:28:44","date_gmt":"2023-10-13T12:28:44","guid":{"rendered":"http:\/\/creanova2023.s193116.creanova-001.webo-facto.com\/?page_id=18"},"modified":"2024-10-04T09:33:14","modified_gmt":"2024-10-04T07:33:14","slug":"offrir","status":"publish","type":"page","link":"https:\/\/laitthymsel.com\/en\/offrir\/","title":{"rendered":"Offrir"},"content":{"rendered":"<p>[et_pb_section fb_built=&#8221;1&#8243; _builder_version=&#8221;4.27.2&#8243; _module_preset=&#8221;default&#8221; background_color=&#8221;#1D1D1B&#8221; min_height=&#8221;850px&#8221; min_height_tablet=&#8221;850px&#8221; min_height_phone=&#8221;850px&#8221; min_height_last_edited=&#8221;on|phone&#8221; custom_padding=&#8221;||40px||false|false&#8221; hover_enabled=&#8221;0&#8243; global_colors_info=&#8221;{}&#8221; sticky_enabled=&#8221;0&#8243;][et_pb_row _builder_version=&#8221;4.23.1&#8243; _module_preset=&#8221;default&#8221; width=&#8221;104%&#8221; max_width=&#8221;1300px&#8221; min_height=&#8221;121px&#8221; custom_margin=&#8221;5px|100px||70px|false|false&#8221; custom_padding=&#8221;13px||14px|||&#8221; module_alignment_tablet=&#8221;&#8221; module_alignment_phone=&#8221;left&#8221; module_alignment_last_edited=&#8221;on|phone&#8221; global_colors_info=&#8221;{}&#8221;][et_pb_column type=&#8221;4_4&#8243; _builder_version=&#8221;4.22.2&#8243; _module_preset=&#8221;default&#8221; global_colors_info=&#8221;{}&#8221;][et_pb_image src=&#8221;https:\/\/laitthymsel.com\/wp-content\/uploads\/2023\/10\/Logo.Couleur-lettrage-blnc-horizontale.png&#8221; alt=&#8221;Logo du restaurant LAIT THYM SEL&#8221; title_text=&#8221;Logo.Couleur-+-lettrage-blnc-horizontale&#8221; url=&#8221;https:\/\/laitthymsel.com\/restaurant\/&#8221; align_tablet=&#8221;&#8221; align_phone=&#8221;&#8221; align_last_edited=&#8221;on|phone&#8221; _builder_version=&#8221;4.22.2&#8243; _module_preset=&#8221;default&#8221; width=&#8221;30%&#8221; width_tablet=&#8221;30%&#8221; width_phone=&#8221;80%&#8221; width_last_edited=&#8221;on|phone&#8221; max_width_tablet=&#8221;&#8221; max_width_phone=&#8221;&#8221; max_width_last_edited=&#8221;on|phone&#8221; min_height_tablet=&#8221;&#8221; min_height_phone=&#8221;&#8221; min_height_last_edited=&#8221;on|phone&#8221; height_tablet=&#8221;&#8221; height_phone=&#8221;&#8221; height_last_edited=&#8221;on|phone&#8221; custom_margin=&#8221;40px|||10px|false|false&#8221; custom_margin_tablet=&#8221;40px|||10px|false|false&#8221; custom_margin_phone=&#8221;40px|||10px|false|false&#8221; custom_margin_last_edited=&#8221;on|phone&#8221; custom_padding=&#8221;0px|||34px|false|false&#8221; global_colors_info=&#8221;{}&#8221;][\/et_pb_image][\/et_pb_column][\/et_pb_row][et_pb_row column_structure=&#8221;1_2,1_2&#8243; _builder_version=&#8221;4.22.2&#8243; _module_preset=&#8221;default&#8221; width=&#8221;73.8%&#8221; custom_margin=&#8221;||||false|false&#8221; global_colors_info=&#8221;{}&#8221;][et_pb_column type=&#8221;1_2&#8243; _builder_version=&#8221;4.22.2&#8243; _module_preset=&#8221;default&#8221; global_colors_info=&#8221;{}&#8221;][et_pb_text _builder_version=&#8221;4.23.1&#8243; _module_preset=&#8221;default&#8221; text_font=&#8221;Abhaya Libre||||||||&#8221; text_text_color=&#8221;#FFFFFF&#8221; text_font_size=&#8221;15px&#8221; content_en_us=&#8221;<\/p>\n<h1 style=%22text-align: center;%22><span style=%22color: #ffffff;%22>Give pleasure&#8230;<\/span><\/h1>\n<p style=%22text-align: center;%22>to those you love,<br \/>by offering them <strong>LAIT THYM SEL<\/strong><\/p>\n<p style=%22text-align: center;%22>Visit the official gift store<br \/>of gift vouchers &#038; gift boxes<\/p>\n<p>&#8221; inline_fonts=&#8221;Abhaya Libre&#8221; global_colors_info=&#8221;{}&#8221;]<\/p>\n<p style=\"text-align: center;\"><span style=\"font-family: Abhaya Libre; font-size: xx-large; font-weight: normal;\">Faites plaisir&#8230;<br \/><\/span>\u00e0 ceux que vous aimez,<br \/>en leur offrant<strong> LAIT THYM SEL<\/strong><\/p>\n<p style=\"text-align: center;\">Rendez-vous sur la boutique officielle<br \/><strong>de ch\u00e8ques &amp; coffrets cadeaux<\/strong><\/p>\n<p>[\/et_pb_text][et_pb_button button_url=&#8221;https:\/\/laitthymsel.secretbox.fr\/&#8221; url_new_window=&#8221;on&#8221; button_text=&#8221;Notre boutique&#8221; button_alignment=&#8221;center&#8221; admin_label=&#8221;Bouton boutique&#8221; _builder_version=&#8221;4.23.1&#8243; _module_preset=&#8221;default&#8221; custom_button=&#8221;on&#8221; button_text_color=&#8221;#1D1D1B&#8221; button_bg_color=&#8221;#C18F65&#8243; button_border_width=&#8221;0px&#8221; button_border_radius=&#8221;10px&#8221; button_font=&#8221;Abhaya Libre|||on|||||&#8221; button_icon=&#8221;&#xe008;||divi||400&#8243; button_icon_placement=&#8221;left&#8221; button_on_hover=&#8221;off&#8221; background_layout=&#8221;dark&#8221; button_text_en_us=&#8221;OUR STORE&#8221; button_url_en_us=&#8221;https:\/\/laitthymsel.secretbox.fr\/&#8221; global_colors_info=&#8221;{}&#8221;][\/et_pb_button][\/et_pb_column][et_pb_column type=&#8221;1_2&#8243; _builder_version=&#8221;4.22.2&#8243; _module_preset=&#8221;default&#8221; global_colors_info=&#8221;{}&#8221;][et_pb_image src=&#8221;https:\/\/laitthymsel.com\/wp-content\/uploads\/2023\/11\/Fleur-Lait-Thym-Sel.jpeg&#8221; title_text=&#8221;Fleur Lait Thym Sel&#8221; _builder_version=&#8221;4.23.1&#8243; _module_preset=&#8221;default&#8221; global_colors_info=&#8221;{}&#8221;][\/et_pb_image][\/et_pb_column][\/et_pb_row][\/et_pb_section]<\/p>\n","protected":false},"excerpt":{"rendered":"<p>Faites plaisir&#8230;\u00e0 ceux que vous aimez,en leur offrant LAIT THYM SEL Rendez-vous sur la boutique officiellede ch\u00e8ques &amp; coffrets cadeaux<\/p>\n","protected":false},"author":2,"featured_media":0,"parent":0,"menu_order":0,"comment_status":"closed","ping_status":"closed","template":"","meta":{"_et_pb_use_builder":"on","_et_pb_old_content":"<!-- wp:divi\/placeholder \/-->","_et_gb_content_width":"","footnotes":""},"class_list":["post-18","page","type-page","status-publish","hentry"],"yoast_head":"<!-- This site is optimized with the Yoast SEO plugin v27.3 - https:\/\/yoast.com\/product\/yoast-seo-wordpress\/ -->\n<title>- Ch\u00e8ques &amp; coffrets cadeaux - Ch\u00e8ques &amp; coffrets cadeaux<\/title>\n<meta name=\"description\" content=\"Fa\u00eetes plaisir \u00e0 ceux que vous aimez,en leur offrant LAIT THYM SEL. Rendez-vous sur la boutique officielle de ch\u00e8ques &amp; coffrets cadeaux.\" \/>\n<meta name=\"robots\" content=\"index, follow, max-snippet:-1, max-image-preview:large, max-video-preview:-1\" \/>\n<link rel=\"canonical\" href=\"\" \/>\n<meta property=\"og:locale\" content=\"en_US\" \/>\n<meta property=\"og:type\" content=\"article\" \/>\n<meta property=\"og:title\" content=\"- Ch\u00e8ques &amp; coffrets cadeaux - Ch\u00e8ques &amp; coffrets cadeaux\" \/>\n<meta property=\"og:description\" content=\"Fa\u00eetes plaisir \u00e0 ceux que vous aimez,en leur offrant LAIT THYM SEL. Rendez-vous sur la boutique officielle de ch\u00e8ques &amp; coffrets cadeaux.\" \/>\n<meta property=\"og:url\" content=\"https:\/\/laitthymsel.com\/en\/offrir\/\" \/>\n<meta property=\"og:site_name\" content=\"Lait Thym Sel\" \/>\n<meta property=\"article:publisher\" content=\"https:\/\/www.facebook.com\/Lait.Thym.Sel.Restaurant\/?locale=fr_FR\" \/>\n<meta property=\"article:modified_time\" content=\"2024-10-04T07:33:14+00:00\" \/>\n<meta name=\"twitter:card\" content=\"summary_large_image\" \/>\n<meta name=\"twitter:label1\" content=\"Est. reading time\" \/>\n\t<meta name=\"twitter:data1\" content=\"1 minute\" \/>\n<script type=\"application\/ld+json\" class=\"yoast-schema-graph\">{\"@context\":\"https:\\\/\\\/schema.org\",\"@graph\":[{\"@type\":\"WebPage\",\"@id\":\"https:\\\/\\\/laitthymsel.com\\\/en\\\/offrir\\\/\",\"url\":\"https:\\\/\\\/laitthymsel.com\\\/en\\\/offrir\\\/\",\"name\":\"Offrir - Ch\u00e8ques & coffrets cadeaux\",\"isPartOf\":{\"@id\":\"https:\\\/\\\/laitthymsel.com\\\/#website\"},\"datePublished\":\"2023-10-13T12:28:44+00:00\",\"dateModified\":\"2024-10-04T07:33:14+00:00\",\"description\":\"Fa\u00eetes plaisir \u00e0 ceux que vous aimez,en leur offrant LAIT THYM SEL. Rendez-vous sur la boutique officielle de ch\u00e8ques & coffrets cadeaux.\",\"breadcrumb\":{\"@id\":\"https:\\\/\\\/laitthymsel.com\\\/en\\\/offrir\\\/#breadcrumb\"},\"inLanguage\":\"en-US\",\"potentialAction\":[{\"@type\":\"ReadAction\",\"target\":[\"https:\\\/\\\/laitthymsel.com\\\/en\\\/offrir\\\/\"]}]},{\"@type\":\"BreadcrumbList\",\"@id\":\"https:\\\/\\\/laitthymsel.com\\\/en\\\/offrir\\\/#breadcrumb\",\"itemListElement\":[{\"@type\":\"ListItem\",\"position\":1,\"name\":\"Accueil\",\"item\":\"https:\\\/\\\/laitthymsel.com\\\/\"},{\"@type\":\"ListItem\",\"position\":2,\"name\":\"Offrir\"}]},{\"@type\":\"WebSite\",\"@id\":\"https:\\\/\\\/laitthymsel.com\\\/en\\\/#website\",\"url\":\"https:\\\/\\\/laitthymsel.com\\\/en\\\/\",\"name\":\"Lait Thym Sel\",\"description\":\"Restaurant \u00e0 Angers\",\"publisher\":{\"@id\":\"https:\\\/\\\/laitthymsel.com\\\/en\\\/#organization\"},\"alternateName\":\"Restaurant\",\"potentialAction\":[{\"@type\":\"SearchAction\",\"target\":{\"@type\":\"EntryPoint\",\"urlTemplate\":\"https:\\\/\\\/laitthymsel.com\\\/en\\\/?s={search_term_string}\"},\"query-input\":{\"@type\":\"PropertyValueSpecification\",\"valueRequired\":true,\"valueName\":\"search_term_string\"}}],\"inLanguage\":\"en-US\"},{\"@type\":\"Organization\",\"@id\":\"https:\\\/\\\/laitthymsel.com\\\/en\\\/#organization\",\"name\":\"Restaurant Lait Thym Sel\",\"alternateName\":\"Restaurant\",\"url\":\"https:\\\/\\\/laitthymsel.com\\\/en\\\/\",\"logo\":{\"@type\":\"ImageObject\",\"inLanguage\":\"en-US\",\"@id\":\"https:\\\/\\\/laitthymsel.com\\\/en\\\/#\\\/schema\\\/logo\\\/image\\\/\",\"url\":\"https:\\\/\\\/laitthymsel.com\\\/wp-content\\\/uploads\\\/2023\\\/10\\\/cropped-Logo-LAIT-THYM-SEL.png\",\"contentUrl\":\"https:\\\/\\\/laitthymsel.com\\\/wp-content\\\/uploads\\\/2023\\\/10\\\/cropped-Logo-LAIT-THYM-SEL.png\",\"width\":512,\"height\":512,\"caption\":\"Restaurant Lait Thym Sel\"},\"image\":{\"@id\":\"https:\\\/\\\/laitthymsel.com\\\/en\\\/#\\\/schema\\\/logo\\\/image\\\/\"},\"sameAs\":[\"https:\\\/\\\/www.facebook.com\\\/Lait.Thym.Sel.Restaurant\\\/?locale=fr_FR\",\"https:\\\/\\\/www.instagram.com\\\/lait.thym.sel\\\/?hl=fr\"]}]}<\/script>\n<!-- \/ Yoast SEO plugin. -->","yoast_head_json":{"title":"- Ch\u00e8ques & coffrets cadeaux - Ch\u00e8ques & coffrets cadeaux","description":"Fa\u00eetes plaisir \u00e0 ceux que vous aimez,en leur offrant LAIT THYM SEL. Rendez-vous sur la boutique officielle de ch\u00e8ques & coffrets cadeaux.","robots":{"index":"index","follow":"follow","max-snippet":"max-snippet:-1","max-image-preview":"max-image-preview:large","max-video-preview":"max-video-preview:-1"},"canonical":"[et_pb_section fb_built=\"1\" _builder_version=\"4.27.2\" _module_preset=\"default\" background_color=\"#1D1D1B\" min_height=\"850px\" min_height_tablet=\"850px\" min_height_phone=\"850px\" min_height_last_edited=\"on|phone\" custom_padding=\"||40px||false|false\" hover_enabled=\"0\" global_colors_info=\"{}\" sticky_enabled=\"0\"][et_pb_row _builder_version=\"4.23.1\" _module_preset=\"default\" width=\"104%\" max_width=\"1300px\" min_height=\"121px\" custom_margin=\"5px|100px||70px|false|false\" custom_padding=\"13px||14px|||\" module_alignment_tablet=\"\" module_alignment_phone=\"left\" module_alignment_last_edited=\"on|phone\" global_colors_info=\"{}\"][et_pb_column type=\"4_4\" _builder_version=\"4.22.2\" _module_preset=\"default\" global_colors_info=\"{}\"][et_pb_image src=\"https:\/\/laitthymsel.com\/wp-content\/uploads\/2023\/10\/Logo.Couleur-lettrage-blnc-horizontale.png\" alt=\"Logo du restaurant LAIT THYM SEL\" title_text=\"Logo.Couleur- -lettrage-blnc-horizontale\" url=\"https:\/\/laitthymsel.com\/restaurant\/\" align_tablet=\"\" align_phone=\"\" align_last_edited=\"on|phone\" _builder_version=\"4.22.2\" _module_preset=\"default\" width=\"30%\" width_tablet=\"30%\" width_phone=\"80%\" width_last_edited=\"on|phone\" max_width_tablet=\"\" max_width_phone=\"\" max_width_last_edited=\"on|phone\" min_height_tablet=\"\" min_height_phone=\"\" min_height_last_edited=\"on|phone\" height_tablet=\"\" height_phone=\"\" height_last_edited=\"on|phone\"&hellip;","og_locale":"en_US","og_type":"article","og_title":"- Ch\u00e8ques & coffrets cadeaux - Ch\u00e8ques & coffrets cadeaux","og_description":"Fa\u00eetes plaisir \u00e0 ceux que vous aimez,en leur offrant LAIT THYM SEL. Rendez-vous sur la boutique officielle de ch\u00e8ques & coffrets cadeaux.","og_url":"https:\/\/laitthymsel.com\/en\/offrir\/","og_site_name":"Lait Thym Sel","article_publisher":"https:\/\/www.facebook.com\/Lait.Thym.Sel.Restaurant\/?locale=fr_FR","article_modified_time":"2024-10-04T07:33:14+00:00","twitter_card":"summary_large_image","twitter_misc":{"Est. reading time":"1 minute"},"schema":{"@context":"https:\/\/schema.org","@graph":[{"@type":"WebPage","@id":"https:\/\/laitthymsel.com\/en\/offrir\/","url":"https:\/\/laitthymsel.com\/en\/offrir\/","name":"Offrir - Ch\u00e8ques & coffrets cadeaux","isPartOf":{"@id":"https:\/\/laitthymsel.com\/#website"},"datePublished":"2023-10-13T12:28:44+00:00","dateModified":"2024-10-04T07:33:14+00:00","description":"Fa\u00eetes plaisir \u00e0 ceux que vous aimez,en leur offrant LAIT THYM SEL. Rendez-vous sur la boutique officielle de ch\u00e8ques & coffrets cadeaux.","breadcrumb":{"@id":"https:\/\/laitthymsel.com\/en\/offrir\/#breadcrumb"},"inLanguage":"en-US","potentialAction":[{"@type":"ReadAction","target":["https:\/\/laitthymsel.com\/en\/offrir\/"]}]},{"@type":"BreadcrumbList","@id":"https:\/\/laitthymsel.com\/en\/offrir\/#breadcrumb","itemListElement":[{"@type":"ListItem","position":1,"name":"Accueil","item":"https:\/\/laitthymsel.com\/"},{"@type":"ListItem","position":2,"name":"Offrir"}]},{"@type":"WebSite","@id":"https:\/\/laitthymsel.com\/en\/#website","url":"https:\/\/laitthymsel.com\/en\/","name":"Lait Thym Sel","description":"Restaurant \u00e0 Angers","publisher":{"@id":"https:\/\/laitthymsel.com\/en\/#organization"},"alternateName":"Restaurant","potentialAction":[{"@type":"SearchAction","target":{"@type":"EntryPoint","urlTemplate":"https:\/\/laitthymsel.com\/en\/?s={search_term_string}"},"query-input":{"@type":"PropertyValueSpecification","valueRequired":true,"valueName":"search_term_string"}}],"inLanguage":"en-US"},{"@type":"Organization","@id":"https:\/\/laitthymsel.com\/en\/#organization","name":"Restaurant Lait Thym Sel","alternateName":"Restaurant","url":"https:\/\/laitthymsel.com\/en\/","logo":{"@type":"ImageObject","inLanguage":"en-US","@id":"https:\/\/laitthymsel.com\/en\/#\/schema\/logo\/image\/","url":"https:\/\/laitthymsel.com\/wp-content\/uploads\/2023\/10\/cropped-Logo-LAIT-THYM-SEL.png","contentUrl":"https:\/\/laitthymsel.com\/wp-content\/uploads\/2023\/10\/cropped-Logo-LAIT-THYM-SEL.png","width":512,"height":512,"caption":"Restaurant Lait Thym Sel"},"image":{"@id":"https:\/\/laitthymsel.com\/en\/#\/schema\/logo\/image\/"},"sameAs":["https:\/\/www.facebook.com\/Lait.Thym.Sel.Restaurant\/?locale=fr_FR","https:\/\/www.instagram.com\/lait.thym.sel\/?hl=fr"]}]}},"_links":{"self":[{"href":"https:\/\/laitthymsel.com\/en\/wp-json\/wp\/v2\/pages\/18","targetHints":{"allow":["GET"]}}],"collection":[{"href":"https:\/\/laitthymsel.com\/en\/wp-json\/wp\/v2\/pages"}],"about":[{"href":"https:\/\/laitthymsel.com\/en\/wp-json\/wp\/v2\/types\/page"}],"author":[{"embeddable":true,"href":"https:\/\/laitthymsel.com\/en\/wp-json\/wp\/v2\/users\/2"}],"replies":[{"embeddable":true,"href":"https:\/\/laitthymsel.com\/en\/wp-json\/wp\/v2\/comments?post=18"}],"version-history":[{"count":21,"href":"https:\/\/laitthymsel.com\/en\/wp-json\/wp\/v2\/pages\/18\/revisions"}],"predecessor-version":[{"id":804,"href":"https:\/\/laitthymsel.com\/en\/wp-json\/wp\/v2\/pages\/18\/revisions\/804"}],"wp:attachment":[{"href":"https:\/\/laitthymsel.com\/en\/wp-json\/wp\/v2\/media?parent=18"}],"curies":[{"name":"wp","href":"https:\/\/api.w.org\/{rel}","templated":true}]}}