{"id":16,"date":"2023-10-13T14:28:24","date_gmt":"2023-10-13T12:28:24","guid":{"rendered":"http:\/\/creanova2023.s193116.creanova-001.webo-facto.com\/?page_id=16"},"modified":"2026-01-26T09:49:49","modified_gmt":"2026-01-26T08:49:49","slug":"les-menus","status":"publish","type":"page","link":"https:\/\/laitthymsel.com\/en\/les-menus\/","title":{"rendered":"Les menus"},"content":{"rendered":"<p>[et_pb_section fb_built=&#8221;1&#8243; _builder_version=&#8221;4.23.1&#8243; _module_preset=&#8221;default&#8221; background_color=&#8221;#1D1D1B&#8221; min_height=&#8221;700px&#8221; custom_padding=&#8221;||40px||false|false&#8221; global_colors_info=&#8221;{}&#8221;][et_pb_row custom_padding_last_edited=&#8221;on|phone&#8221; _builder_version=&#8221;4.22.2&#8243; _module_preset=&#8221;default&#8221; width=&#8221;104%&#8221; width_tablet=&#8221;104%&#8221; width_phone=&#8221;104%&#8221; width_last_edited=&#8221;on|phone&#8221; max_width=&#8221;1300px&#8221; max_width_tablet=&#8221;1300px&#8221; max_width_phone=&#8221;1300px&#8221; max_width_last_edited=&#8221;on|phone&#8221; min_height=&#8221;121px&#8221; min_height_tablet=&#8221;121px&#8221; min_height_phone=&#8221;121px&#8221; min_height_last_edited=&#8221;on|phone&#8221; custom_margin=&#8221;5px|100px||70px|false|false&#8221; custom_margin_tablet=&#8221;5px|100px||70px|false|false&#8221; custom_margin_phone=&#8221;10px|||0px|false|false&#8221; custom_margin_last_edited=&#8221;on|phone&#8221; custom_padding=&#8221;13px||14px|||&#8221; custom_padding_tablet=&#8221;13px||14px|||&#8221; custom_padding_phone=&#8221;0px||0px||false|false&#8221; global_colors_info=&#8221;{}&#8221;][et_pb_column type=&#8221;4_4&#8243; _builder_version=&#8221;4.22.2&#8243; _module_preset=&#8221;default&#8221; global_colors_info=&#8221;{}&#8221;][et_pb_image src=&#8221;https:\/\/laitthymsel.com\/wp-content\/uploads\/2023\/10\/Logo.Couleur-lettrage-blnc-horizontale.png&#8221; alt=&#8221;Logo du restaurant LAIT THYM SEL&#8221; title_text=&#8221;Logo.Couleur-+-lettrage-blnc-horizontale&#8221; url=&#8221;https:\/\/laitthymsel.com\/restaurant\/&#8221; align_tablet=&#8221;&#8221; align_phone=&#8221;&#8221; align_last_edited=&#8221;on|phone&#8221; _builder_version=&#8221;4.22.2&#8243; _module_preset=&#8221;default&#8221; width=&#8221;30%&#8221; width_tablet=&#8221;30%&#8221; width_phone=&#8221;80%&#8221; width_last_edited=&#8221;on|phone&#8221; max_width_tablet=&#8221;&#8221; max_width_phone=&#8221;&#8221; max_width_last_edited=&#8221;on|phone&#8221; min_height_tablet=&#8221;&#8221; min_height_phone=&#8221;&#8221; min_height_last_edited=&#8221;on|phone&#8221; height_tablet=&#8221;&#8221; height_phone=&#8221;&#8221; height_last_edited=&#8221;on|phone&#8221; custom_margin=&#8221;40px|||10px|false|false&#8221; custom_margin_tablet=&#8221;40px|||10px|false|false&#8221; custom_margin_phone=&#8221;40px|||10px|false|false&#8221; custom_margin_last_edited=&#8221;on|phone&#8221; custom_padding=&#8221;0px|||34px|false|false&#8221; global_colors_info=&#8221;{}&#8221;][\/et_pb_image][\/et_pb_column][\/et_pb_row][et_pb_row column_structure=&#8221;1_2,1_2&#8243; _builder_version=&#8221;4.22.2&#8243; _module_preset=&#8221;default&#8221; width=&#8221;73.8%&#8221; custom_margin=&#8221;||||false|false&#8221; global_colors_info=&#8221;{}&#8221;][et_pb_column type=&#8221;1_2&#8243; _builder_version=&#8221;4.22.2&#8243; _module_preset=&#8221;default&#8221; global_colors_info=&#8221;{}&#8221;][et_pb_text _builder_version=&#8221;4.27.5&#8243; _module_preset=&#8221;default&#8221; text_font=&#8221;Abhaya Libre||||||||&#8221; text_text_color=&#8221;#FFFFFF&#8221; text_font_size=&#8221;15px&#8221; text_line_height=&#8221;1.2em&#8221; width_tablet=&#8221;&#8221; width_phone=&#8221;&#8221; width_last_edited=&#8221;on|phone&#8221; max_width_tablet=&#8221;&#8221; max_width_phone=&#8221;&#8221; max_width_last_edited=&#8221;on|phone&#8221; min_height_tablet=&#8221;&#8221; min_height_phone=&#8221;&#8221; min_height_last_edited=&#8221;on|phone&#8221; height_tablet=&#8221;&#8221; height_phone=&#8221;&#8221; height_last_edited=&#8221;on|phone&#8221; max_height_tablet=&#8221;&#8221; max_height_phone=&#8221;&#8221; max_height_last_edited=&#8221;on|phone&#8221; custom_margin=&#8221;0px||||false|false&#8221; custom_margin_tablet=&#8221;100px||||false|false&#8221; custom_margin_phone=&#8221;0px||||false|false&#8221; custom_margin_last_edited=&#8221;on|phone&#8221; custom_padding=&#8221;|0px||||&#8221; hover_enabled=&#8221;0&#8243; content_en_us=&#8221;<\/p>\n<p style=%22text-align: center;%22><span style=%22font-size: xx-large;%22><strong><span style=%22font-family: Abhaya Libre;%22>Our Menus<\/span><\/strong><\/span><\/p>\n<p style=%22text-align: center;%22>Our menus come to life with the seasons inspired by our producers and our creativity.<\/p>\n<p style=%22text-align: center;%22><span style=%22font-size: x-large; color: #c18f65;%22>Our Solar Lunches<\/span><br \/>\u00ab Mise en lumi\u00e8re \u00bb<br \/>Menu in 3 sparks<br \/><em>Service available within 1 hour for those with limited time<\/em><br \/>49\u20ac<\/p>\n<p style=%22text-align: center;%22>\u00ab Le chant des flammes \u00bb<br \/>Menu in 6 sparks<br \/><em>Vegetarian option available on request<\/em><br \/>95\u20ac<\/p>\n<p style=%22text-align: center;%22><span style=%22font-size: x-large; color: #c18f65;%22>Our Lunar Dinners<\/span><\/p>\n<p style=%22text-align: center;%22>\u00ab Incandescence \u00bb<br \/>Menu in 5 sparks<br \/><em>Served Tuesday to thursday (excluding friday and saturday) <\/em><br \/>85\u20ac<\/p>\n<p style=%22text-align: center;%22>\u00ab Cr\u00e9pitement des \u00e9toiles \u00bb<br \/>Menu in 7 sparks<br \/><em>Vegetarian option available on request<br \/><\/em><em>Served Tuesday to thursday (excluding friday and saturday) <\/em><br \/>120\u20ac<\/p>\n<p style=%22text-align: center;%22>\u00ab La danse du feu \u00bb<br \/>Menu in 9 sparks<br \/>145\u20ac<\/p>\n<p style=%22text-align: center;%22>These menus are served for the entire table.<br \/>However, we are unable to adapt our menu to be completely lactose, gluten and egg free.<br \/>It is essential that you inform us of any allergies or special dietary requirements.<\/p>\n<p>&#8221; inline_fonts=&#8221;Abhaya Libre&#8221; global_colors_info=&#8221;{}&#8221; sticky_enabled=&#8221;0&#8243;]<\/p>\n<p style=\"text-align: center;\"><span style=\"font-size: xx-large;\"><strong><span style=\"font-family: Abhaya Libre;\">Nos Menus<\/span><\/strong><\/span><br \/>Les Menus prennent vie au fil des saisons de<br \/>nos producteurs et de nos inspirations.<\/p>\n<p style=\"text-align: center;\"><span style=\"font-size: x-large; color: #c18f65;\">Nos D\u00e9jeuners Solaires<\/span><\/p>\n<p style=\"text-align: center;\">\u00ab Mise en lumi\u00e8re \u00bb<br \/>Menu en 3 \u00e9tincelles<br \/><em>Service possible en 1 heure pour celles et ceux qui disposent d\u2019un temps limit\u00e9<\/em><br \/>49\u20ac<\/p>\n<p style=\"text-align: center;\">\u00ab Le chant des flammes \u00bb<br \/>Menu en 6 \u00e9tincelles<br \/><em>Version v\u00e9g\u00e9tarienne sur demande<\/em><br \/>95\u20ac<\/p>\n<p style=\"text-align: center;\"><span style=\"font-size: x-large; color: #c18f65;\">Nos Diners Lunaires<\/span><\/p>\n<p style=\"text-align: center;\">\u00ab Incandescence \u00bb<br \/>Menu en 5 \u00e9tincelles<br \/><em>Servi du mardi au jeudi (hors vendredi et samedi)<br \/>8<\/em>5\u20ac<\/p>\n<p style=\"text-align: center;\">\u00ab Cr\u00e9pitement des \u00e9toiles \u00bb<br \/>Menu en 7 \u00e9tincelles<br \/><em>Version v\u00e9g\u00e9tarienne sur demande<\/em><br \/><em>Servi du mardi au jeudi (hors vendredi et samedi)<\/em><br \/>120\u20ac<\/p>\n<p style=\"text-align: center;\">\u00ab La danse du feu \u00bb<br \/>Menu en 9 \u00e9tincelles<br \/>145\u20ac<\/p>\n<p style=\"text-align: center;\">Ces menus sont servis pour l\u2019ensemble de la table.<br \/>Nous ne sommes cependant pas en mesure d\u2019adapter notre menu totalement exempt de lactose, de gluten et d\u2019\u0153uf.<br \/>Il est essentiel de bien nous signaler toutes allergies ou r\u00e9gime particulier.<\/p>\n<p>[\/et_pb_text][\/et_pb_column][et_pb_column type=&#8221;1_2&#8243; _builder_version=&#8221;4.22.2&#8243; _module_preset=&#8221;default&#8221; global_colors_info=&#8221;{}&#8221;][dsm_perspective_image src=&#8221;https:\/\/laitthymsel.com\/wp-content\/uploads\/2024\/01\/Menus-LAIT-THYM-SEL.webp&#8221; alt=&#8221;D\u00e9couvrez les menus du restaurant Lait Thym Sel&#8221; title_text=&#8221;Menus LAIT THYM SEL&#8221; align=&#8221;right&#8221; _builder_version=&#8221;4.23.4&#8243; _module_preset=&#8221;default&#8221; global_colors_info=&#8221;{}&#8221;][\/dsm_perspective_image][\/et_pb_column][\/et_pb_row][\/et_pb_section]<\/p>\n","protected":false},"excerpt":{"rendered":"<p>Nos MenusLes Menus prennent vie au fil des saisons denos producteurs et de nos inspirations. Nos D\u00e9jeuners Solaires \u00ab Mise en lumi\u00e8re \u00bbMenu en 3 \u00e9tincellesService possible en 1 heure pour celles et ceux qui disposent d\u2019un temps limit\u00e949\u20ac \u00ab Le chant des flammes \u00bbMenu en 6 \u00e9tincellesVersion v\u00e9g\u00e9tarienne sur demande95\u20ac Nos Diners Lunaires \u00ab [&hellip;]<\/p>\n","protected":false},"author":2,"featured_media":0,"parent":0,"menu_order":0,"comment_status":"closed","ping_status":"closed","template":"","meta":{"_et_pb_use_builder":"on","_et_pb_old_content":"<!-- wp:divi\/placeholder \/-->","_et_gb_content_width":"","footnotes":""},"class_list":["post-16","page","type-page","status-publish","hentry"],"yoast_head":"<!-- This site is optimized with the Yoast SEO plugin v27.3 - https:\/\/yoast.com\/product\/yoast-seo-wordpress\/ -->\n<title>- Des exp\u00e9riences - Des exp\u00e9riences<\/title>\n<meta name=\"description\" content=\"Les Menus prennent vie au fil des saisons de nos producteurs et de nos inspirations. 3 exp\u00e9riences sont propos\u00e9es au d\u00e9jeuner et au d\u00eener.\" \/>\n<meta name=\"robots\" content=\"index, follow, max-snippet:-1, max-image-preview:large, max-video-preview:-1\" \/>\n<link rel=\"canonical\" href=\"\" \/>\n<meta property=\"og:locale\" content=\"en_US\" \/>\n<meta property=\"og:type\" content=\"article\" \/>\n<meta property=\"og:title\" content=\"- Des exp\u00e9riences - Des exp\u00e9riences\" \/>\n<meta property=\"og:description\" content=\"Les Menus prennent vie au fil des saisons de nos producteurs et de nos inspirations. 3 exp\u00e9riences sont propos\u00e9es au d\u00e9jeuner et au d\u00eener.\" \/>\n<meta property=\"og:url\" content=\"https:\/\/laitthymsel.com\/en\/les-menus\/\" \/>\n<meta property=\"og:site_name\" content=\"Lait Thym Sel\" \/>\n<meta property=\"article:publisher\" content=\"https:\/\/www.facebook.com\/Lait.Thym.Sel.Restaurant\/?locale=fr_FR\" \/>\n<meta property=\"article:modified_time\" content=\"2026-01-26T08:49:49+00:00\" \/>\n<meta name=\"twitter:card\" content=\"summary_large_image\" \/>\n<meta name=\"twitter:label1\" content=\"Est. reading time\" \/>\n\t<meta name=\"twitter:data1\" content=\"2 minutes\" \/>\n<script type=\"application\/ld+json\" class=\"yoast-schema-graph\">{\"@context\":\"https:\\\/\\\/schema.org\",\"@graph\":[{\"@type\":\"WebPage\",\"@id\":\"https:\\\/\\\/laitthymsel.com\\\/en\\\/les-menus\\\/\",\"url\":\"https:\\\/\\\/laitthymsel.com\\\/en\\\/les-menus\\\/\",\"name\":\"Les menus - Des exp\u00e9riences\",\"isPartOf\":{\"@id\":\"https:\\\/\\\/laitthymsel.com\\\/#website\"},\"datePublished\":\"2023-10-13T12:28:24+00:00\",\"dateModified\":\"2026-01-26T08:49:49+00:00\",\"description\":\"Les Menus prennent vie au fil des saisons de nos producteurs et de nos inspirations. 3 exp\u00e9riences sont propos\u00e9es au d\u00e9jeuner et au d\u00eener.\",\"breadcrumb\":{\"@id\":\"https:\\\/\\\/laitthymsel.com\\\/en\\\/les-menus\\\/#breadcrumb\"},\"inLanguage\":\"en-US\",\"potentialAction\":[{\"@type\":\"ReadAction\",\"target\":[\"https:\\\/\\\/laitthymsel.com\\\/en\\\/les-menus\\\/\"]}]},{\"@type\":\"BreadcrumbList\",\"@id\":\"https:\\\/\\\/laitthymsel.com\\\/en\\\/les-menus\\\/#breadcrumb\",\"itemListElement\":[{\"@type\":\"ListItem\",\"position\":1,\"name\":\"Accueil\",\"item\":\"https:\\\/\\\/laitthymsel.com\\\/\"},{\"@type\":\"ListItem\",\"position\":2,\"name\":\"Les menus\"}]},{\"@type\":\"WebSite\",\"@id\":\"https:\\\/\\\/laitthymsel.com\\\/en\\\/#website\",\"url\":\"https:\\\/\\\/laitthymsel.com\\\/en\\\/\",\"name\":\"Lait Thym Sel\",\"description\":\"Restaurant \u00e0 Angers\",\"publisher\":{\"@id\":\"https:\\\/\\\/laitthymsel.com\\\/en\\\/#organization\"},\"alternateName\":\"Restaurant\",\"potentialAction\":[{\"@type\":\"SearchAction\",\"target\":{\"@type\":\"EntryPoint\",\"urlTemplate\":\"https:\\\/\\\/laitthymsel.com\\\/en\\\/?s={search_term_string}\"},\"query-input\":{\"@type\":\"PropertyValueSpecification\",\"valueRequired\":true,\"valueName\":\"search_term_string\"}}],\"inLanguage\":\"en-US\"},{\"@type\":\"Organization\",\"@id\":\"https:\\\/\\\/laitthymsel.com\\\/en\\\/#organization\",\"name\":\"Restaurant Lait Thym Sel\",\"alternateName\":\"Restaurant\",\"url\":\"https:\\\/\\\/laitthymsel.com\\\/en\\\/\",\"logo\":{\"@type\":\"ImageObject\",\"inLanguage\":\"en-US\",\"@id\":\"https:\\\/\\\/laitthymsel.com\\\/en\\\/#\\\/schema\\\/logo\\\/image\\\/\",\"url\":\"https:\\\/\\\/laitthymsel.com\\\/wp-content\\\/uploads\\\/2023\\\/10\\\/cropped-Logo-LAIT-THYM-SEL.png\",\"contentUrl\":\"https:\\\/\\\/laitthymsel.com\\\/wp-content\\\/uploads\\\/2023\\\/10\\\/cropped-Logo-LAIT-THYM-SEL.png\",\"width\":512,\"height\":512,\"caption\":\"Restaurant Lait Thym Sel\"},\"image\":{\"@id\":\"https:\\\/\\\/laitthymsel.com\\\/en\\\/#\\\/schema\\\/logo\\\/image\\\/\"},\"sameAs\":[\"https:\\\/\\\/www.facebook.com\\\/Lait.Thym.Sel.Restaurant\\\/?locale=fr_FR\",\"https:\\\/\\\/www.instagram.com\\\/lait.thym.sel\\\/?hl=fr\"]}]}<\/script>\n<!-- \/ Yoast SEO plugin. -->","yoast_head_json":{"title":"- Des exp\u00e9riences - Des exp\u00e9riences","description":"Les Menus prennent vie au fil des saisons de nos producteurs et de nos inspirations. 3 exp\u00e9riences sont propos\u00e9es au d\u00e9jeuner et au d\u00eener.","robots":{"index":"index","follow":"follow","max-snippet":"max-snippet:-1","max-image-preview":"max-image-preview:large","max-video-preview":"max-video-preview:-1"},"canonical":"[et_pb_section fb_built=\"1\" _builder_version=\"4.23.1\" _module_preset=\"default\" background_color=\"#1D1D1B\" min_height=\"700px\" custom_padding=\"||40px||false|false\" global_colors_info=\"{}\"][et_pb_row custom_padding_last_edited=\"on|phone\" _builder_version=\"4.22.2\" _module_preset=\"default\" width=\"104%\" width_tablet=\"104%\" width_phone=\"104%\" width_last_edited=\"on|phone\" max_width=\"1300px\" max_width_tablet=\"1300px\" max_width_phone=\"1300px\" max_width_last_edited=\"on|phone\" min_height=\"121px\" min_height_tablet=\"121px\" min_height_phone=\"121px\" min_height_last_edited=\"on|phone\" custom_margin=\"5px|100px||70px|false|false\" custom_margin_tablet=\"5px|100px||70px|false|false\" custom_margin_phone=\"10px|||0px|false|false\" custom_margin_last_edited=\"on|phone\" custom_padding=\"13px||14px|||\" custom_padding_tablet=\"13px||14px|||\" custom_padding_phone=\"0px||0px||false|false\" global_colors_info=\"{}\"][et_pb_column type=\"4_4\" _builder_version=\"4.22.2\" _module_preset=\"default\" global_colors_info=\"{}\"][et_pb_image src=\"https:\/\/laitthymsel.com\/wp-content\/uploads\/2023\/10\/Logo.Couleur-lettrage-blnc-horizontale.png\" alt=\"Logo du restaurant LAIT THYM SEL\" title_text=\"Logo.Couleur- -lettrage-blnc-horizontale\" url=\"https:\/\/laitthymsel.com\/restaurant\/\" align_tablet=\"\" align_phone=\"\" align_last_edited=\"on|phone\" _builder_version=\"4.22.2\" _module_preset=\"default\" width=\"30%\" width_tablet=\"30%\" width_phone=\"80%\" width_last_edited=\"on|phone\" max_width_tablet=\"\" max_width_phone=\"\"&hellip;","og_locale":"en_US","og_type":"article","og_title":"- Des exp\u00e9riences - Des exp\u00e9riences","og_description":"Les Menus prennent vie au fil des saisons de nos producteurs et de nos inspirations. 3 exp\u00e9riences sont propos\u00e9es au d\u00e9jeuner et au d\u00eener.","og_url":"https:\/\/laitthymsel.com\/en\/les-menus\/","og_site_name":"Lait Thym Sel","article_publisher":"https:\/\/www.facebook.com\/Lait.Thym.Sel.Restaurant\/?locale=fr_FR","article_modified_time":"2026-01-26T08:49:49+00:00","twitter_card":"summary_large_image","twitter_misc":{"Est. reading time":"2 minutes"},"schema":{"@context":"https:\/\/schema.org","@graph":[{"@type":"WebPage","@id":"https:\/\/laitthymsel.com\/en\/les-menus\/","url":"https:\/\/laitthymsel.com\/en\/les-menus\/","name":"Les menus - Des exp\u00e9riences","isPartOf":{"@id":"https:\/\/laitthymsel.com\/#website"},"datePublished":"2023-10-13T12:28:24+00:00","dateModified":"2026-01-26T08:49:49+00:00","description":"Les Menus prennent vie au fil des saisons de nos producteurs et de nos inspirations. 3 exp\u00e9riences sont propos\u00e9es au d\u00e9jeuner et au d\u00eener.","breadcrumb":{"@id":"https:\/\/laitthymsel.com\/en\/les-menus\/#breadcrumb"},"inLanguage":"en-US","potentialAction":[{"@type":"ReadAction","target":["https:\/\/laitthymsel.com\/en\/les-menus\/"]}]},{"@type":"BreadcrumbList","@id":"https:\/\/laitthymsel.com\/en\/les-menus\/#breadcrumb","itemListElement":[{"@type":"ListItem","position":1,"name":"Accueil","item":"https:\/\/laitthymsel.com\/"},{"@type":"ListItem","position":2,"name":"Les menus"}]},{"@type":"WebSite","@id":"https:\/\/laitthymsel.com\/en\/#website","url":"https:\/\/laitthymsel.com\/en\/","name":"Lait Thym Sel","description":"Restaurant \u00e0 Angers","publisher":{"@id":"https:\/\/laitthymsel.com\/en\/#organization"},"alternateName":"Restaurant","potentialAction":[{"@type":"SearchAction","target":{"@type":"EntryPoint","urlTemplate":"https:\/\/laitthymsel.com\/en\/?s={search_term_string}"},"query-input":{"@type":"PropertyValueSpecification","valueRequired":true,"valueName":"search_term_string"}}],"inLanguage":"en-US"},{"@type":"Organization","@id":"https:\/\/laitthymsel.com\/en\/#organization","name":"Restaurant Lait Thym Sel","alternateName":"Restaurant","url":"https:\/\/laitthymsel.com\/en\/","logo":{"@type":"ImageObject","inLanguage":"en-US","@id":"https:\/\/laitthymsel.com\/en\/#\/schema\/logo\/image\/","url":"https:\/\/laitthymsel.com\/wp-content\/uploads\/2023\/10\/cropped-Logo-LAIT-THYM-SEL.png","contentUrl":"https:\/\/laitthymsel.com\/wp-content\/uploads\/2023\/10\/cropped-Logo-LAIT-THYM-SEL.png","width":512,"height":512,"caption":"Restaurant Lait Thym Sel"},"image":{"@id":"https:\/\/laitthymsel.com\/en\/#\/schema\/logo\/image\/"},"sameAs":["https:\/\/www.facebook.com\/Lait.Thym.Sel.Restaurant\/?locale=fr_FR","https:\/\/www.instagram.com\/lait.thym.sel\/?hl=fr"]}]}},"_links":{"self":[{"href":"https:\/\/laitthymsel.com\/en\/wp-json\/wp\/v2\/pages\/16","targetHints":{"allow":["GET"]}}],"collection":[{"href":"https:\/\/laitthymsel.com\/en\/wp-json\/wp\/v2\/pages"}],"about":[{"href":"https:\/\/laitthymsel.com\/en\/wp-json\/wp\/v2\/types\/page"}],"author":[{"embeddable":true,"href":"https:\/\/laitthymsel.com\/en\/wp-json\/wp\/v2\/users\/2"}],"replies":[{"embeddable":true,"href":"https:\/\/laitthymsel.com\/en\/wp-json\/wp\/v2\/comments?post=16"}],"version-history":[{"count":71,"href":"https:\/\/laitthymsel.com\/en\/wp-json\/wp\/v2\/pages\/16\/revisions"}],"predecessor-version":[{"id":1050,"href":"https:\/\/laitthymsel.com\/en\/wp-json\/wp\/v2\/pages\/16\/revisions\/1050"}],"wp:attachment":[{"href":"https:\/\/laitthymsel.com\/en\/wp-json\/wp\/v2\/media?parent=16"}],"curies":[{"name":"wp","href":"https:\/\/api.w.org\/{rel}","templated":true}]}}